{"id":6310,"date":"2020-11-19T10:08:39","date_gmt":"2020-11-19T09:08:39","guid":{"rendered":"https:\/\/gocceditalia.it\/prodotti\/unkategorisiert\/contorno-gel-occhi\/"},"modified":"2025-12-02T00:00:07","modified_gmt":"2025-12-01T23:00:07","slug":"augenpflege","status":"publish","type":"product","link":"https:\/\/gocceditalia.it\/de\/augenpflege\/","title":{"rendered":"AUGENPFLEGE mit nativem Oliven\u00f6l extra"},"content":{"rendered":"","protected":false},"excerpt":{"rendered":"<p>Frisches Creme-Gel mit hoher Konzentration an Pflegestoffen, insbesondere geeignet zur Straffung der Augenkontur und des Dekollet\u00e9s. Durch seine Inhaltsstoffe wie natives Oliven\u00f6l extra, Weizenkeim\u00f6l, Aloe-Gel und Hyalurons\u00e4ure hilft es, die Gesichtshaut elastisch zu halten.<\/p>\n<p>Anwendung: Auftragen und bis zum vollst\u00e4ndigen Einziehen sanft einmassieren. Kontakt mit den Augen vermeiden.<\/p>\n<p>&nbsp;<\/p>\n<p>Dose 30 ml.<\/p>\n<p>&nbsp;<\/p>\n","protected":false},"featured_media":3367,"template":"","meta":{"_acf_changed":false},"product_brand":[],"product_cat":[1365,314],"product_tag":[322,335],"class_list":{"0":"post-6310","1":"product","2":"type-product","3":"status-publish","4":"has-post-thumbnail","6":"product_cat-black-friday-de","7":"product_cat-italienische-naturkosmetik","8":"product_tag-frantoio-manestrini-de","9":"product_tag-valtenesi-de","11":"first","12":"instock","13":"taxable","14":"shipping-taxable","15":"purchasable","16":"product-type-simple"},"acf":[],"_links":{"self":[{"href":"https:\/\/gocceditalia.it\/de\/wp-json\/wp\/v2\/product\/6310","targetHints":{"allow":["GET"]}}],"collection":[{"href":"https:\/\/gocceditalia.it\/de\/wp-json\/wp\/v2\/product"}],"about":[{"href":"https:\/\/gocceditalia.it\/de\/wp-json\/wp\/v2\/types\/product"}],"version-history":[{"count":2,"href":"https:\/\/gocceditalia.it\/de\/wp-json\/wp\/v2\/product\/6310\/revisions"}],"predecessor-version":[{"id":6312,"href":"https:\/\/gocceditalia.it\/de\/wp-json\/wp\/v2\/product\/6310\/revisions\/6312"}],"wp:featuredmedia":[{"embeddable":true,"href":"https:\/\/gocceditalia.it\/de\/wp-json\/wp\/v2\/media\/3367"}],"wp:attachment":[{"href":"https:\/\/gocceditalia.it\/de\/wp-json\/wp\/v2\/media?parent=6310"}],"wp:term":[{"taxonomy":"product_brand","embeddable":true,"href":"https:\/\/gocceditalia.it\/de\/wp-json\/wp\/v2\/product_brand?post=6310"},{"taxonomy":"product_cat","embeddable":true,"href":"https:\/\/gocceditalia.it\/de\/wp-json\/wp\/v2\/product_cat?post=6310"},{"taxonomy":"product_tag","embeddable":true,"href":"https:\/\/gocceditalia.it\/de\/wp-json\/wp\/v2\/product_tag?post=6310"}],"curies":[{"name":"wp","href":"https:\/\/api.w.org\/{rel}","templated":true}]}}