{"id":6325,"date":"2020-11-19T10:08:35","date_gmt":"2020-11-19T09:08:35","guid":{"rendered":"https:\/\/gocceditalia.it\/prodotti\/unkategorisiert\/crema-viso-rughe\/"},"modified":"2025-12-02T00:00:07","modified_gmt":"2025-12-01T23:00:07","slug":"anti-falten-gesichtscreme","status":"publish","type":"product","link":"https:\/\/gocceditalia.it\/de\/anti-falten-gesichtscreme\/","title":{"rendered":"ANTI-FALTEN-GESICHTSCREME mit nativem Oliven\u00f6l extra"},"content":{"rendered":"","protected":false},"excerpt":{"rendered":"<p>Die regelm\u00e4\u00dfige Anwendung dieser optimalen Creme als stimulierendes Kosmetikprodukt tr\u00e4gt dazu bei, dank der nat\u00fcrlichen Wirkstoffe die Faltenbildung und Hauterschlaffung zu mildern. Sie enth\u00e4lt natives Oliven\u00f6l extra, Karit\u00e9-Butter, Hopfenextrakt, Wildrosen\u00f6l und Vitamin E sowie Vitamin A. Angenehm geschmeidige Konsistenz, tr\u00e4gt dazu bei, die Haut weich und geschmeidig zu machen.<\/p>\n<p>Anwendung: Auftragen und bis zum vollst\u00e4ndigen Einziehen sanft einmassieren.<\/p>\n<p>&nbsp;<\/p>\n<p>Dose 50 ml.<\/p>\n","protected":false},"featured_media":3351,"template":"","meta":{"_acf_changed":false},"product_brand":[],"product_cat":[1365,314],"product_tag":[322,323,335],"class_list":{"0":"post-6325","1":"product","2":"type-product","3":"status-publish","4":"has-post-thumbnail","6":"product_cat-black-friday-de","7":"product_cat-italienische-naturkosmetik","8":"product_tag-frantoio-manestrini-de","9":"product_tag-lombardei","10":"product_tag-valtenesi-de","12":"first","13":"instock","14":"taxable","15":"shipping-taxable","16":"purchasable","17":"product-type-simple"},"acf":[],"_links":{"self":[{"href":"https:\/\/gocceditalia.it\/de\/wp-json\/wp\/v2\/product\/6325","targetHints":{"allow":["GET"]}}],"collection":[{"href":"https:\/\/gocceditalia.it\/de\/wp-json\/wp\/v2\/product"}],"about":[{"href":"https:\/\/gocceditalia.it\/de\/wp-json\/wp\/v2\/types\/product"}],"version-history":[{"count":2,"href":"https:\/\/gocceditalia.it\/de\/wp-json\/wp\/v2\/product\/6325\/revisions"}],"predecessor-version":[{"id":6327,"href":"https:\/\/gocceditalia.it\/de\/wp-json\/wp\/v2\/product\/6325\/revisions\/6327"}],"wp:featuredmedia":[{"embeddable":true,"href":"https:\/\/gocceditalia.it\/de\/wp-json\/wp\/v2\/media\/3351"}],"wp:attachment":[{"href":"https:\/\/gocceditalia.it\/de\/wp-json\/wp\/v2\/media?parent=6325"}],"wp:term":[{"taxonomy":"product_brand","embeddable":true,"href":"https:\/\/gocceditalia.it\/de\/wp-json\/wp\/v2\/product_brand?post=6325"},{"taxonomy":"product_cat","embeddable":true,"href":"https:\/\/gocceditalia.it\/de\/wp-json\/wp\/v2\/product_cat?post=6325"},{"taxonomy":"product_tag","embeddable":true,"href":"https:\/\/gocceditalia.it\/de\/wp-json\/wp\/v2\/product_tag?post=6325"}],"curies":[{"name":"wp","href":"https:\/\/api.w.org\/{rel}","templated":true}]}}