{"id":6333,"date":"2020-11-19T10:08:31","date_gmt":"2020-11-19T09:08:31","guid":{"rendered":"https:\/\/gocceditalia.it\/prodotti\/unkategorisiert\/bagno-doccia-alla-lavanda\/"},"modified":"2025-12-02T00:00:07","modified_gmt":"2025-12-01T23:00:07","slug":"duftende-duschgels-lavendel","status":"publish","type":"product","link":"https:\/\/gocceditalia.it\/de\/duftende-duschgels-lavendel\/","title":{"rendered":"DUFTENDE DUSCHGELS mit nativem Oliven\u00f6l extra &#8211; Lavendel"},"content":{"rendered":"","protected":false},"excerpt":{"rendered":"<p>Sanftes Dusch- und Badegel f\u00fcr die Reinigung der Haut der gesamten Familie. Ob f\u00fcr ein entspannendes Bad oder eine belebende Dusche, mit diesem Dusch- und Badegel wird jeder Moment zu einem angenehmen Erlebnis. Die moderne Formulierung enth\u00e4lt Rohstoffe f\u00fcr eine sanfte Reinigung und bewahrt den nat\u00fcrlichen Hydrolipidfilm der Haut. Durch die Zugabe von nativem Oliven\u00f6l extra wird diese Waschlotion noch milder. Die Haut wird gr\u00fcndlich gereinigt und bleibt weich und leicht parf\u00fcmiert.<\/p>\n<p>Anwendung: Auf die feuchte Haut auftragen, reinigen und sorgf\u00e4ltig absp\u00fclen.<\/p>\n<p>&nbsp;<\/p>\n<p>Flakon 200 ml.<\/p>\n","protected":false},"featured_media":3331,"template":"","meta":{"_acf_changed":false},"product_brand":[],"product_cat":[1365,314],"product_tag":[322,323,335],"class_list":{"0":"post-6333","1":"product","2":"type-product","3":"status-publish","4":"has-post-thumbnail","6":"product_cat-black-friday-de","7":"product_cat-italienische-naturkosmetik","8":"product_tag-frantoio-manestrini-de","9":"product_tag-lombardei","10":"product_tag-valtenesi-de","12":"first","13":"instock","14":"taxable","15":"shipping-taxable","16":"purchasable","17":"product-type-simple"},"acf":[],"_links":{"self":[{"href":"https:\/\/gocceditalia.it\/de\/wp-json\/wp\/v2\/product\/6333","targetHints":{"allow":["GET"]}}],"collection":[{"href":"https:\/\/gocceditalia.it\/de\/wp-json\/wp\/v2\/product"}],"about":[{"href":"https:\/\/gocceditalia.it\/de\/wp-json\/wp\/v2\/types\/product"}],"version-history":[{"count":4,"href":"https:\/\/gocceditalia.it\/de\/wp-json\/wp\/v2\/product\/6333\/revisions"}],"predecessor-version":[{"id":8039,"href":"https:\/\/gocceditalia.it\/de\/wp-json\/wp\/v2\/product\/6333\/revisions\/8039"}],"wp:featuredmedia":[{"embeddable":true,"href":"https:\/\/gocceditalia.it\/de\/wp-json\/wp\/v2\/media\/3331"}],"wp:attachment":[{"href":"https:\/\/gocceditalia.it\/de\/wp-json\/wp\/v2\/media?parent=6333"}],"wp:term":[{"taxonomy":"product_brand","embeddable":true,"href":"https:\/\/gocceditalia.it\/de\/wp-json\/wp\/v2\/product_brand?post=6333"},{"taxonomy":"product_cat","embeddable":true,"href":"https:\/\/gocceditalia.it\/de\/wp-json\/wp\/v2\/product_cat?post=6333"},{"taxonomy":"product_tag","embeddable":true,"href":"https:\/\/gocceditalia.it\/de\/wp-json\/wp\/v2\/product_tag?post=6333"}],"curies":[{"name":"wp","href":"https:\/\/api.w.org\/{rel}","templated":true}]}}