{"id":6349,"date":"2020-11-19T10:08:27","date_gmt":"2020-11-19T09:08:27","guid":{"rendered":"https:\/\/gocceditalia.it\/prodotti\/unkategorisiert\/balsamo-per-capelli\/"},"modified":"2025-12-02T00:00:07","modified_gmt":"2025-12-01T23:00:07","slug":"haarbalsam","status":"publish","type":"product","link":"https:\/\/gocceditalia.it\/de\/haarbalsam\/","title":{"rendered":"HAARBALSAM mit nativem Oliven\u00f6l extra"},"content":{"rendered":"","protected":false},"excerpt":{"rendered":"<p>Verleiht den Haaren Glanz und macht sie leicht k\u00e4mmbar. Die wertvollen Eigenschaften des nativen Oliven\u00f6ls extra sch\u00fctzen die Kopfhaut; Leinsamen\u00f6l und Weizenproteine st\u00e4rken feines und strapaziertes Haar.<\/p>\n<p>Anwendung: Nach dem Shampoo auftragen und einige Minuten einwirken lassen, dann aussp\u00fclen.<\/p>\n<p>Flakon 200 ml.<\/p>\n","protected":false},"featured_media":3315,"template":"","meta":{"_acf_changed":false},"product_brand":[],"product_cat":[1365,314,460],"product_tag":[322,323,335],"class_list":{"0":"post-6349","1":"product","2":"type-product","3":"status-publish","4":"has-post-thumbnail","6":"product_cat-black-friday-de","7":"product_cat-italienische-naturkosmetik","8":"product_cat-aktionen","9":"product_tag-frantoio-manestrini-de","10":"product_tag-lombardei","11":"product_tag-valtenesi-de","13":"first","14":"instock","15":"taxable","16":"shipping-taxable","17":"purchasable","18":"product-type-simple"},"acf":[],"_links":{"self":[{"href":"https:\/\/gocceditalia.it\/de\/wp-json\/wp\/v2\/product\/6349","targetHints":{"allow":["GET"]}}],"collection":[{"href":"https:\/\/gocceditalia.it\/de\/wp-json\/wp\/v2\/product"}],"about":[{"href":"https:\/\/gocceditalia.it\/de\/wp-json\/wp\/v2\/types\/product"}],"version-history":[{"count":1,"href":"https:\/\/gocceditalia.it\/de\/wp-json\/wp\/v2\/product\/6349\/revisions"}],"predecessor-version":[{"id":6350,"href":"https:\/\/gocceditalia.it\/de\/wp-json\/wp\/v2\/product\/6349\/revisions\/6350"}],"wp:featuredmedia":[{"embeddable":true,"href":"https:\/\/gocceditalia.it\/de\/wp-json\/wp\/v2\/media\/3315"}],"wp:attachment":[{"href":"https:\/\/gocceditalia.it\/de\/wp-json\/wp\/v2\/media?parent=6349"}],"wp:term":[{"taxonomy":"product_brand","embeddable":true,"href":"https:\/\/gocceditalia.it\/de\/wp-json\/wp\/v2\/product_brand?post=6349"},{"taxonomy":"product_cat","embeddable":true,"href":"https:\/\/gocceditalia.it\/de\/wp-json\/wp\/v2\/product_cat?post=6349"},{"taxonomy":"product_tag","embeddable":true,"href":"https:\/\/gocceditalia.it\/de\/wp-json\/wp\/v2\/product_tag?post=6349"}],"curies":[{"name":"wp","href":"https:\/\/api.w.org\/{rel}","templated":true}]}}