{"id":6356,"date":"2020-11-19T10:08:26","date_gmt":"2020-11-19T09:08:26","guid":{"rendered":"https:\/\/gocceditalia.it\/prodotti\/unkategorisiert\/shampoo\/"},"modified":"2025-12-02T00:00:07","modified_gmt":"2025-12-01T23:00:07","slug":"shampoo","status":"publish","type":"product","link":"https:\/\/gocceditalia.it\/de\/shampoo\/","title":{"rendered":"SHAMPOO mit nativem Oliven\u00f6l extra"},"content":{"rendered":"","protected":false},"excerpt":{"rendered":"<p>Dieses sehr delikate Shampoo nimmt auf die empfindliche Keratinstruktur des Haares R\u00fccksicht. F\u00fcr h\u00e4ufige Haarw\u00e4sche oder nach intensiver sportlicher Aktivit\u00e4t empfohlen. Es enth\u00e4lt natives Oliven\u00f6l extra, das die Haarwurzel bis in die Tiefe n\u00e4hrt und pflegt und so das Haar kr\u00e4ftigt. Kollagen-Hydrolysat sorgt f\u00fcr weiches Haar und verleiht ihm besonderen Schutz und Glanz. Die Formulierung enth\u00e4lt balsam\u00e4hnliche Substanzen f\u00fcr bessere K\u00e4mmbarkeit und mehr Glanz ohne das Haar zu beschweren. Anwendung: Auf das feuchte Haar auftragen, leicht einmassieren und sorgf\u00e4ltig aussp\u00fclen.<\/p>\n<p>&nbsp;<\/p>\n<p>Flakon 200 ml.<\/p>\n","protected":false},"featured_media":3311,"template":"","meta":{"_acf_changed":false},"product_brand":[],"product_cat":[1365,314,460],"product_tag":[322,323,335],"class_list":{"0":"post-6356","1":"product","2":"type-product","3":"status-publish","4":"has-post-thumbnail","6":"product_cat-black-friday-de","7":"product_cat-italienische-naturkosmetik","8":"product_cat-aktionen","9":"product_tag-frantoio-manestrini-de","10":"product_tag-lombardei","11":"product_tag-valtenesi-de","13":"first","14":"instock","15":"taxable","16":"shipping-taxable","17":"purchasable","18":"product-type-simple"},"acf":[],"_links":{"self":[{"href":"https:\/\/gocceditalia.it\/de\/wp-json\/wp\/v2\/product\/6356","targetHints":{"allow":["GET"]}}],"collection":[{"href":"https:\/\/gocceditalia.it\/de\/wp-json\/wp\/v2\/product"}],"about":[{"href":"https:\/\/gocceditalia.it\/de\/wp-json\/wp\/v2\/types\/product"}],"version-history":[{"count":1,"href":"https:\/\/gocceditalia.it\/de\/wp-json\/wp\/v2\/product\/6356\/revisions"}],"predecessor-version":[{"id":6357,"href":"https:\/\/gocceditalia.it\/de\/wp-json\/wp\/v2\/product\/6356\/revisions\/6357"}],"wp:featuredmedia":[{"embeddable":true,"href":"https:\/\/gocceditalia.it\/de\/wp-json\/wp\/v2\/media\/3311"}],"wp:attachment":[{"href":"https:\/\/gocceditalia.it\/de\/wp-json\/wp\/v2\/media?parent=6356"}],"wp:term":[{"taxonomy":"product_brand","embeddable":true,"href":"https:\/\/gocceditalia.it\/de\/wp-json\/wp\/v2\/product_brand?post=6356"},{"taxonomy":"product_cat","embeddable":true,"href":"https:\/\/gocceditalia.it\/de\/wp-json\/wp\/v2\/product_cat?post=6356"},{"taxonomy":"product_tag","embeddable":true,"href":"https:\/\/gocceditalia.it\/de\/wp-json\/wp\/v2\/product_tag?post=6356"}],"curies":[{"name":"wp","href":"https:\/\/api.w.org\/{rel}","templated":true}]}}