{"id":6363,"date":"2020-11-19T10:08:24","date_gmt":"2020-11-19T09:08:24","guid":{"rendered":"https:\/\/gocceditalia.it\/prodotti\/unkategorisiert\/crema-mani\/"},"modified":"2025-12-02T00:00:07","modified_gmt":"2025-12-01T23:00:07","slug":"handcreme","status":"publish","type":"product","link":"https:\/\/gocceditalia.it\/de\/handcreme\/","title":{"rendered":"HANDCREME mit nativem Oliven\u00f6l extra"},"content":{"rendered":"","protected":false},"excerpt":{"rendered":"<p>Diese angenehme Fl\u00fcssigcreme ist wunderbar leicht und zieht rasch ein. Sie eignet sich<\/p>\n<p>hervorragend als Vorbeugung f\u00fcr alle, die t\u00e4glich in Kontakt mit belastenden Umweltfaktoren wie Wasser, K\u00e4lte, Reinigungsmittel usw. sind. Auch empfohlen f\u00fcr trockene und beanspruchte H\u00e4nde. Die Formulierung enth\u00e4lt pflegendes natives Oliven\u00f6l extra, sch\u00fctzende Karit\u00e9butter und Allantoin mit aufbauender Wirkung.<\/p>\n<p>Anwendung: Auftragen und bis zum vollst\u00e4ndigen Einziehen sanft einmassieren.<\/p>\n<p>Kontakt mit Augen und Schleimh\u00e4uten vermeiden.<\/p>\n<p>&nbsp;<\/p>\n<p>Flakon 125 ml.<\/p>\n","protected":false},"featured_media":3299,"template":"","meta":{"_acf_changed":false},"product_brand":[],"product_cat":[1365,314],"product_tag":[322,323,335],"class_list":{"0":"post-6363","1":"product","2":"type-product","3":"status-publish","4":"has-post-thumbnail","6":"product_cat-black-friday-de","7":"product_cat-italienische-naturkosmetik","8":"product_tag-frantoio-manestrini-de","9":"product_tag-lombardei","10":"product_tag-valtenesi-de","12":"first","13":"instock","14":"taxable","15":"shipping-taxable","16":"purchasable","17":"product-type-simple"},"acf":[],"_links":{"self":[{"href":"https:\/\/gocceditalia.it\/de\/wp-json\/wp\/v2\/product\/6363","targetHints":{"allow":["GET"]}}],"collection":[{"href":"https:\/\/gocceditalia.it\/de\/wp-json\/wp\/v2\/product"}],"about":[{"href":"https:\/\/gocceditalia.it\/de\/wp-json\/wp\/v2\/types\/product"}],"version-history":[{"count":1,"href":"https:\/\/gocceditalia.it\/de\/wp-json\/wp\/v2\/product\/6363\/revisions"}],"predecessor-version":[{"id":6364,"href":"https:\/\/gocceditalia.it\/de\/wp-json\/wp\/v2\/product\/6363\/revisions\/6364"}],"wp:featuredmedia":[{"embeddable":true,"href":"https:\/\/gocceditalia.it\/de\/wp-json\/wp\/v2\/media\/3299"}],"wp:attachment":[{"href":"https:\/\/gocceditalia.it\/de\/wp-json\/wp\/v2\/media?parent=6363"}],"wp:term":[{"taxonomy":"product_brand","embeddable":true,"href":"https:\/\/gocceditalia.it\/de\/wp-json\/wp\/v2\/product_brand?post=6363"},{"taxonomy":"product_cat","embeddable":true,"href":"https:\/\/gocceditalia.it\/de\/wp-json\/wp\/v2\/product_cat?post=6363"},{"taxonomy":"product_tag","embeddable":true,"href":"https:\/\/gocceditalia.it\/de\/wp-json\/wp\/v2\/product_tag?post=6363"}],"curies":[{"name":"wp","href":"https:\/\/api.w.org\/{rel}","templated":true}]}}