{"id":6369,"date":"2020-11-19T10:08:23","date_gmt":"2020-11-19T09:08:23","guid":{"rendered":"https:\/\/gocceditalia.it\/prodotti\/unkategorisiert\/dopobarba\/"},"modified":"2025-12-02T00:00:07","modified_gmt":"2025-12-01T23:00:07","slug":"aftershave","status":"publish","type":"product","link":"https:\/\/gocceditalia.it\/de\/aftershave\/","title":{"rendered":"AFTERSHAVE mit nativem Oliven\u00f6l extra"},"content":{"rendered":"","protected":false},"excerpt":{"rendered":"<p>Diese leichte Emulsion ist sehr angenehm in der Anwendung. Schenkt der rasierten Haut Frische. Durch seine spezielle Formulierung wird die Haut nach der Rasur gepflegt. Ohne Alkohol, daher auch f\u00fcr sensible Haut geeignet. Enth\u00e4lt beruhigende und entz\u00fcndungshemmende Wirkstoffe. Enth\u00e4lt: natives Oliven\u00f6l extra, pflanzliches Kephalin, Allantoin.<\/p>\n<p>Anwendung: Nach der Rasur auftragen und bis zum vollst\u00e4ndigen Einziehen sanft einmassieren.<\/p>\n<p>&nbsp;<\/p>\n<p>Flakon 125 ml.<\/p>\n","protected":false},"featured_media":3295,"template":"","meta":{"_acf_changed":false},"product_brand":[],"product_cat":[1365,314],"product_tag":[322,323],"class_list":{"0":"post-6369","1":"product","2":"type-product","3":"status-publish","4":"has-post-thumbnail","6":"product_cat-black-friday-de","7":"product_cat-italienische-naturkosmetik","8":"product_tag-frantoio-manestrini-de","9":"product_tag-lombardei","11":"first","12":"instock","13":"taxable","14":"shipping-taxable","15":"purchasable","16":"product-type-simple"},"acf":[],"_links":{"self":[{"href":"https:\/\/gocceditalia.it\/de\/wp-json\/wp\/v2\/product\/6369","targetHints":{"allow":["GET"]}}],"collection":[{"href":"https:\/\/gocceditalia.it\/de\/wp-json\/wp\/v2\/product"}],"about":[{"href":"https:\/\/gocceditalia.it\/de\/wp-json\/wp\/v2\/types\/product"}],"version-history":[{"count":1,"href":"https:\/\/gocceditalia.it\/de\/wp-json\/wp\/v2\/product\/6369\/revisions"}],"predecessor-version":[{"id":6370,"href":"https:\/\/gocceditalia.it\/de\/wp-json\/wp\/v2\/product\/6369\/revisions\/6370"}],"wp:featuredmedia":[{"embeddable":true,"href":"https:\/\/gocceditalia.it\/de\/wp-json\/wp\/v2\/media\/3295"}],"wp:attachment":[{"href":"https:\/\/gocceditalia.it\/de\/wp-json\/wp\/v2\/media?parent=6369"}],"wp:term":[{"taxonomy":"product_brand","embeddable":true,"href":"https:\/\/gocceditalia.it\/de\/wp-json\/wp\/v2\/product_brand?post=6369"},{"taxonomy":"product_cat","embeddable":true,"href":"https:\/\/gocceditalia.it\/de\/wp-json\/wp\/v2\/product_cat?post=6369"},{"taxonomy":"product_tag","embeddable":true,"href":"https:\/\/gocceditalia.it\/de\/wp-json\/wp\/v2\/product_tag?post=6369"}],"curies":[{"name":"wp","href":"https:\/\/api.w.org\/{rel}","templated":true}]}}