{"id":6376,"date":"2020-11-19T10:08:15","date_gmt":"2020-11-19T09:08:15","guid":{"rendered":"https:\/\/gocceditalia.it\/prodotti\/unkategorisiert\/riso-carnaroli-zucchine-e-gamberetti\/"},"modified":"2024-05-28T20:50:11","modified_gmt":"2024-05-28T18:50:11","slug":"carnaroli-reis-zucchini-und-garnelen","status":"publish","type":"product","link":"https:\/\/gocceditalia.it\/de\/carnaroli-reis-zucchini-und-garnelen\/","title":{"rendered":"Carnaroli-Reis, Zucchini und Garnelen"},"content":{"rendered":"<p>100% italienischer Carnaroli-Reis, gebrauchsfertig: In einer Pfanne einige Essl\u00f6ffel \u00d6l oder Butter erhitzen, den Reis etwa 1\/2 Minute unter st\u00e4ndigem R\u00fchren r\u00f6sten, nach Geschmack salzen und Wei\u00dfwein hinzuf\u00fcgen (1\/2 \u2013 1) Glas). Setzen Sie das Kochen fort, indem Sie jeweils ein wenig kochendes Wasser hinzuf\u00fcgen und gegebenenfalls bis zum Ende des Garvorgangs (20 Minuten) wenden. Bei Bedarf mit Grana-K\u00e4se garnieren.<\/p>\n<p>&nbsp;<\/p>\n","protected":false},"excerpt":{"rendered":"<h3>250gr<\/h3>\n","protected":false},"featured_media":3263,"template":"","meta":{"_acf_changed":false},"product_brand":[],"product_cat":[339,460],"product_tag":[322,323,335],"class_list":{"0":"post-6376","1":"product","2":"type-product","3":"status-publish","4":"has-post-thumbnail","6":"product_cat-italienische-pasta-reis-saucen","7":"product_cat-aktionen","8":"product_tag-frantoio-manestrini-de","9":"product_tag-lombardei","10":"product_tag-valtenesi-de","12":"first","13":"instock","14":"taxable","15":"shipping-taxable","16":"purchasable","17":"product-type-simple"},"acf":[],"_links":{"self":[{"href":"https:\/\/gocceditalia.it\/de\/wp-json\/wp\/v2\/product\/6376","targetHints":{"allow":["GET"]}}],"collection":[{"href":"https:\/\/gocceditalia.it\/de\/wp-json\/wp\/v2\/product"}],"about":[{"href":"https:\/\/gocceditalia.it\/de\/wp-json\/wp\/v2\/types\/product"}],"version-history":[{"count":2,"href":"https:\/\/gocceditalia.it\/de\/wp-json\/wp\/v2\/product\/6376\/revisions"}],"predecessor-version":[{"id":18035,"href":"https:\/\/gocceditalia.it\/de\/wp-json\/wp\/v2\/product\/6376\/revisions\/18035"}],"wp:featuredmedia":[{"embeddable":true,"href":"https:\/\/gocceditalia.it\/de\/wp-json\/wp\/v2\/media\/3263"}],"wp:attachment":[{"href":"https:\/\/gocceditalia.it\/de\/wp-json\/wp\/v2\/media?parent=6376"}],"wp:term":[{"taxonomy":"product_brand","embeddable":true,"href":"https:\/\/gocceditalia.it\/de\/wp-json\/wp\/v2\/product_brand?post=6376"},{"taxonomy":"product_cat","embeddable":true,"href":"https:\/\/gocceditalia.it\/de\/wp-json\/wp\/v2\/product_cat?post=6376"},{"taxonomy":"product_tag","embeddable":true,"href":"https:\/\/gocceditalia.it\/de\/wp-json\/wp\/v2\/product_tag?post=6376"}],"curies":[{"name":"wp","href":"https:\/\/api.w.org\/{rel}","templated":true}]}}