{"id":6402,"date":"2020-11-19T10:08:11","date_gmt":"2020-11-19T09:08:11","guid":{"rendered":"https:\/\/gocceditalia.it\/prodotti\/unkategorisiert\/riso-carnaroli-ai-funghi-porcini\/"},"modified":"2022-01-27T14:34:17","modified_gmt":"2022-01-27T13:34:17","slug":"carnaroli-reis-mit-steinpilz","status":"publish","type":"product","link":"https:\/\/gocceditalia.it\/de\/carnaroli-reis-mit-steinpilz\/","title":{"rendered":"Carnaroli-Reis mit Steinpilz"},"content":{"rendered":"<p>100% italienischer Carnaroli-Reis, gebrauchsfertig: In einer Pfanne einige Essl\u00f6ffel \u00d6l oder Butter erhitzen, den Reis etwa 1\/2 Minute unter st\u00e4ndigem R\u00fchren r\u00f6sten, nach Geschmack salzen und Wei\u00dfwein hinzuf\u00fcgen (1\/2 \u2013 1) Glas). Setzen Sie das Kochen fort, indem Sie jeweils ein wenig kochendes Wasser hinzuf\u00fcgen und gegebenenfalls bis zum Ende des Garvorgangs (20 Minuten) wenden. Bei Bedarf mit Grana-K\u00e4se garnieren.<\/p>\n","protected":false},"excerpt":{"rendered":"<h3>250gr<\/h3>\n","protected":false},"featured_media":6188,"template":"","meta":{"_acf_changed":false},"product_brand":[],"product_cat":[339],"product_tag":[322,323,335],"class_list":{"0":"post-6402","1":"product","2":"type-product","3":"status-publish","4":"has-post-thumbnail","6":"product_cat-italienische-pasta-reis-saucen","7":"product_tag-frantoio-manestrini-de","8":"product_tag-lombardei","9":"product_tag-valtenesi-de","11":"first","12":"instock","13":"taxable","14":"shipping-taxable","15":"purchasable","16":"product-type-simple"},"acf":[],"_links":{"self":[{"href":"https:\/\/gocceditalia.it\/de\/wp-json\/wp\/v2\/product\/6402","targetHints":{"allow":["GET"]}}],"collection":[{"href":"https:\/\/gocceditalia.it\/de\/wp-json\/wp\/v2\/product"}],"about":[{"href":"https:\/\/gocceditalia.it\/de\/wp-json\/wp\/v2\/types\/product"}],"version-history":[{"count":2,"href":"https:\/\/gocceditalia.it\/de\/wp-json\/wp\/v2\/product\/6402\/revisions"}],"predecessor-version":[{"id":6404,"href":"https:\/\/gocceditalia.it\/de\/wp-json\/wp\/v2\/product\/6402\/revisions\/6404"}],"wp:featuredmedia":[{"embeddable":true,"href":"https:\/\/gocceditalia.it\/de\/wp-json\/wp\/v2\/media\/6188"}],"wp:attachment":[{"href":"https:\/\/gocceditalia.it\/de\/wp-json\/wp\/v2\/media?parent=6402"}],"wp:term":[{"taxonomy":"product_brand","embeddable":true,"href":"https:\/\/gocceditalia.it\/de\/wp-json\/wp\/v2\/product_brand?post=6402"},{"taxonomy":"product_cat","embeddable":true,"href":"https:\/\/gocceditalia.it\/de\/wp-json\/wp\/v2\/product_cat?post=6402"},{"taxonomy":"product_tag","embeddable":true,"href":"https:\/\/gocceditalia.it\/de\/wp-json\/wp\/v2\/product_tag?post=6402"}],"curies":[{"name":"wp","href":"https:\/\/api.w.org\/{rel}","templated":true}]}}