{"id":6424,"date":"2020-11-19T10:08:03","date_gmt":"2020-11-19T09:08:03","guid":{"rendered":"https:\/\/gocceditalia.it\/prodotti\/unkategorisiert\/pesto-al-basilico\/"},"modified":"2026-02-02T17:01:39","modified_gmt":"2026-02-02T16:01:39","slug":"pesto-mit-basilikum","status":"publish","type":"product","link":"https:\/\/gocceditalia.it\/de\/pesto-mit-basilikum\/","title":{"rendered":"Pesto mit Basilikum"},"content":{"rendered":"<p><strong>Zutaten: <\/strong>Basilikum 62% (Sonnenblumen\u00f6l, Meersalz, S\u00e4ureregulator: Ascorbins\u00e4ure), natives Oliven\u00f6l extra, Mandeln, K\u00e4se (Milch, Salz, Lab), K\u00e4se Pecorino (Milch, Salz, Lab), Pinienkerne, Knoblauch, Petersilliie, S\u00e4ureregulato: Milchs\u00e4ure.<\/p>\n","protected":false},"excerpt":{"rendered":"<h3>180gr<\/h3>\n<p>Frisches Basilikumpesto, ein zeitloses traditionelles italienisches Rezept, perfekt als Gew\u00fcrz f\u00fcr Nudeln oder zum W\u00fcrzen von Gem\u00fcse und Hauptgerichten.<\/p>\n","protected":false},"featured_media":16902,"template":"","meta":{"_acf_changed":false},"product_brand":[],"product_cat":[339],"product_tag":[322,323,335],"class_list":{"0":"post-6424","1":"product","2":"type-product","3":"status-publish","4":"has-post-thumbnail","6":"product_cat-italienische-pasta-reis-saucen","7":"product_tag-frantoio-manestrini-de","8":"product_tag-lombardei","9":"product_tag-valtenesi-de","11":"first","12":"instock","13":"taxable","14":"shipping-taxable","15":"purchasable","16":"product-type-simple"},"acf":[],"_links":{"self":[{"href":"https:\/\/gocceditalia.it\/de\/wp-json\/wp\/v2\/product\/6424","targetHints":{"allow":["GET"]}}],"collection":[{"href":"https:\/\/gocceditalia.it\/de\/wp-json\/wp\/v2\/product"}],"about":[{"href":"https:\/\/gocceditalia.it\/de\/wp-json\/wp\/v2\/types\/product"}],"version-history":[{"count":2,"href":"https:\/\/gocceditalia.it\/de\/wp-json\/wp\/v2\/product\/6424\/revisions"}],"predecessor-version":[{"id":6426,"href":"https:\/\/gocceditalia.it\/de\/wp-json\/wp\/v2\/product\/6424\/revisions\/6426"}],"wp:featuredmedia":[{"embeddable":true,"href":"https:\/\/gocceditalia.it\/de\/wp-json\/wp\/v2\/media\/16902"}],"wp:attachment":[{"href":"https:\/\/gocceditalia.it\/de\/wp-json\/wp\/v2\/media?parent=6424"}],"wp:term":[{"taxonomy":"product_brand","embeddable":true,"href":"https:\/\/gocceditalia.it\/de\/wp-json\/wp\/v2\/product_brand?post=6424"},{"taxonomy":"product_cat","embeddable":true,"href":"https:\/\/gocceditalia.it\/de\/wp-json\/wp\/v2\/product_cat?post=6424"},{"taxonomy":"product_tag","embeddable":true,"href":"https:\/\/gocceditalia.it\/de\/wp-json\/wp\/v2\/product_tag?post=6424"}],"curies":[{"name":"wp","href":"https:\/\/api.w.org\/{rel}","templated":true}]}}