{"id":6432,"date":"2020-11-19T10:08:02","date_gmt":"2020-11-19T09:08:02","guid":{"rendered":"https:\/\/gocceditalia.it\/?post_type=product&#038;p=6432"},"modified":"2022-05-03T09:42:47","modified_gmt":"2022-05-03T07:42:47","slug":"getrocknete-tomaten-pastete","status":"publish","type":"product","link":"https:\/\/gocceditalia.it\/de\/getrocknete-tomaten-pastete\/","title":{"rendered":"Getrocknete Tomaten Pastete"},"content":{"rendered":"<p><strong>Zutaten: <\/strong>Tomaten frisch und getrocknet 70%, natives Oliven\u00f6l extra, Zwiebeln, Knoblauch, Meersalz, Basilikum, Oregano, Petersilie, Weinessig, Zucker, Pfeffer, S\u00e4ureregulator: Zitronens\u00e4urre.<\/p>\n","protected":false},"excerpt":{"rendered":"<h3>100gr<\/h3>\n<p>Tomatencreme mit klassischem und unerm\u00fcdlichem Geschmack, hervorragend zum W\u00fcrzen von Vorspeisen oder einfach auf ger\u00f6stetem Brot serviert.<\/p>\n<p>&nbsp;<\/p>\n","protected":false},"featured_media":3211,"template":"","meta":{"_acf_changed":false},"product_brand":[],"product_cat":[337],"product_tag":[322],"class_list":{"0":"post-6432","1":"product","2":"type-product","3":"status-publish","4":"has-post-thumbnail","6":"product_cat-italienische-antipasti","7":"product_tag-frantoio-manestrini-de","9":"first","10":"outofstock","11":"taxable","12":"shipping-taxable","13":"purchasable","14":"product-type-simple"},"acf":[],"_links":{"self":[{"href":"https:\/\/gocceditalia.it\/de\/wp-json\/wp\/v2\/product\/6432","targetHints":{"allow":["GET"]}}],"collection":[{"href":"https:\/\/gocceditalia.it\/de\/wp-json\/wp\/v2\/product"}],"about":[{"href":"https:\/\/gocceditalia.it\/de\/wp-json\/wp\/v2\/types\/product"}],"version-history":[{"count":1,"href":"https:\/\/gocceditalia.it\/de\/wp-json\/wp\/v2\/product\/6432\/revisions"}],"predecessor-version":[{"id":6434,"href":"https:\/\/gocceditalia.it\/de\/wp-json\/wp\/v2\/product\/6432\/revisions\/6434"}],"wp:featuredmedia":[{"embeddable":true,"href":"https:\/\/gocceditalia.it\/de\/wp-json\/wp\/v2\/media\/3211"}],"wp:attachment":[{"href":"https:\/\/gocceditalia.it\/de\/wp-json\/wp\/v2\/media?parent=6432"}],"wp:term":[{"taxonomy":"product_brand","embeddable":true,"href":"https:\/\/gocceditalia.it\/de\/wp-json\/wp\/v2\/product_brand?post=6432"},{"taxonomy":"product_cat","embeddable":true,"href":"https:\/\/gocceditalia.it\/de\/wp-json\/wp\/v2\/product_cat?post=6432"},{"taxonomy":"product_tag","embeddable":true,"href":"https:\/\/gocceditalia.it\/de\/wp-json\/wp\/v2\/product_tag?post=6432"}],"curies":[{"name":"wp","href":"https:\/\/api.w.org\/{rel}","templated":true}]}}