{"id":6440,"date":"2020-11-19T10:08:01","date_gmt":"2020-11-19T09:08:01","guid":{"rendered":"https:\/\/gocceditalia.it\/prodotti\/unkategorisiert\/pate-di-carciofi\/"},"modified":"2025-12-02T00:00:05","modified_gmt":"2025-12-01T23:00:05","slug":"artischocken-pasteten","status":"publish","type":"product","link":"https:\/\/gocceditalia.it\/de\/artischocken-pasteten\/","title":{"rendered":"Artischocken Pasteten"},"content":{"rendered":"<p><strong>Zutaten: <\/strong>Artischoken 68%, natives Oliven\u00f6l extra, Zwiebeln, Meersalz, Knoblauch, Oregano, Petersilie, S\u00e4ureregulator: Zitronens\u00e4ure<\/p>\n","protected":false},"excerpt":{"rendered":"<h3>100gr<\/h3>\n<p>Eine Artischockencreme, die sich hervorragend auf hei\u00dfem Toastbrot oder als delikate W\u00fcrze f\u00fcr Hauptgerichte genie\u00dfen l\u00e4sst.<\/p>\n","protected":false},"featured_media":3203,"template":"","meta":{"_acf_changed":false},"product_brand":[],"product_cat":[1365,337],"product_tag":[322,323,335],"class_list":{"0":"post-6440","1":"product","2":"type-product","3":"status-publish","4":"has-post-thumbnail","6":"product_cat-black-friday-de","7":"product_cat-italienische-antipasti","8":"product_tag-frantoio-manestrini-de","9":"product_tag-lombardei","10":"product_tag-valtenesi-de","12":"first","13":"instock","14":"taxable","15":"shipping-taxable","16":"purchasable","17":"product-type-simple"},"acf":[],"_links":{"self":[{"href":"https:\/\/gocceditalia.it\/de\/wp-json\/wp\/v2\/product\/6440","targetHints":{"allow":["GET"]}}],"collection":[{"href":"https:\/\/gocceditalia.it\/de\/wp-json\/wp\/v2\/product"}],"about":[{"href":"https:\/\/gocceditalia.it\/de\/wp-json\/wp\/v2\/types\/product"}],"version-history":[{"count":3,"href":"https:\/\/gocceditalia.it\/de\/wp-json\/wp\/v2\/product\/6440\/revisions"}],"predecessor-version":[{"id":8028,"href":"https:\/\/gocceditalia.it\/de\/wp-json\/wp\/v2\/product\/6440\/revisions\/8028"}],"wp:featuredmedia":[{"embeddable":true,"href":"https:\/\/gocceditalia.it\/de\/wp-json\/wp\/v2\/media\/3203"}],"wp:attachment":[{"href":"https:\/\/gocceditalia.it\/de\/wp-json\/wp\/v2\/media?parent=6440"}],"wp:term":[{"taxonomy":"product_brand","embeddable":true,"href":"https:\/\/gocceditalia.it\/de\/wp-json\/wp\/v2\/product_brand?post=6440"},{"taxonomy":"product_cat","embeddable":true,"href":"https:\/\/gocceditalia.it\/de\/wp-json\/wp\/v2\/product_cat?post=6440"},{"taxonomy":"product_tag","embeddable":true,"href":"https:\/\/gocceditalia.it\/de\/wp-json\/wp\/v2\/product_tag?post=6440"}],"curies":[{"name":"wp","href":"https:\/\/api.w.org\/{rel}","templated":true}]}}