{"id":6448,"date":"2020-11-19T10:08:01","date_gmt":"2020-11-19T09:08:01","guid":{"rendered":"https:\/\/gocceditalia.it\/prodotti\/unkategorisiert\/condimento-per-crostini\/"},"modified":"2025-12-02T00:00:05","modified_gmt":"2025-12-01T23:00:05","slug":"gewuerzpaste-fuer-crostini","status":"publish","type":"product","link":"https:\/\/gocceditalia.it\/de\/gewuerzpaste-fuer-crostini\/","title":{"rendered":"Gew\u00fcrzpaste f\u00fcr Crostini"},"content":{"rendered":"<p><strong>Zutaten: <\/strong>Tomaten frisch und getrocknet 32%, natives Oliven\u00f6l extra, Oliven gr\u00fcn, Zwiebeln, Auberginen, Zucchetti, Oliven schwarz, Kapern, K\u00e4se (Milch, Salz, Lab), Knoblauch, Basilikum, Meersalz, Sardellen, Petersilie, Weinessig, Zucker, S\u00e4ureregulator: Zitronens\u00e4ure.<\/p>\n","protected":false},"excerpt":{"rendered":"<h3>100gr<\/h3>\n<p>Vielseitiges und schmackhaftes Gew\u00fcrz, hervorragend als Brotaufstrich oder als F\u00fcllung f\u00fcr Sandwiches und Wraps.<\/p>\n","protected":false},"featured_media":3207,"template":"","meta":{"_acf_changed":false},"product_brand":[],"product_cat":[1365,337],"product_tag":[322,323,335],"class_list":{"0":"post-6448","1":"product","2":"type-product","3":"status-publish","4":"has-post-thumbnail","6":"product_cat-black-friday-de","7":"product_cat-italienische-antipasti","8":"product_tag-frantoio-manestrini-de","9":"product_tag-lombardei","10":"product_tag-valtenesi-de","12":"first","13":"instock","14":"taxable","15":"shipping-taxable","16":"purchasable","17":"product-type-simple"},"acf":[],"_links":{"self":[{"href":"https:\/\/gocceditalia.it\/de\/wp-json\/wp\/v2\/product\/6448","targetHints":{"allow":["GET"]}}],"collection":[{"href":"https:\/\/gocceditalia.it\/de\/wp-json\/wp\/v2\/product"}],"about":[{"href":"https:\/\/gocceditalia.it\/de\/wp-json\/wp\/v2\/types\/product"}],"version-history":[{"count":2,"href":"https:\/\/gocceditalia.it\/de\/wp-json\/wp\/v2\/product\/6448\/revisions"}],"predecessor-version":[{"id":6450,"href":"https:\/\/gocceditalia.it\/de\/wp-json\/wp\/v2\/product\/6448\/revisions\/6450"}],"wp:featuredmedia":[{"embeddable":true,"href":"https:\/\/gocceditalia.it\/de\/wp-json\/wp\/v2\/media\/3207"}],"wp:attachment":[{"href":"https:\/\/gocceditalia.it\/de\/wp-json\/wp\/v2\/media?parent=6448"}],"wp:term":[{"taxonomy":"product_brand","embeddable":true,"href":"https:\/\/gocceditalia.it\/de\/wp-json\/wp\/v2\/product_brand?post=6448"},{"taxonomy":"product_cat","embeddable":true,"href":"https:\/\/gocceditalia.it\/de\/wp-json\/wp\/v2\/product_cat?post=6448"},{"taxonomy":"product_tag","embeddable":true,"href":"https:\/\/gocceditalia.it\/de\/wp-json\/wp\/v2\/product_tag?post=6448"}],"curies":[{"name":"wp","href":"https:\/\/api.w.org\/{rel}","templated":true}]}}