{"id":6797,"date":"2021-11-12T16:38:36","date_gmt":"2021-11-12T15:38:36","guid":{"rendered":"https:\/\/gocceditalia.it\/prodotti\/unkategorisiert\/liquore-allo-zafferano-z18\/"},"modified":"2022-05-17T14:59:38","modified_gmt":"2022-05-17T12:59:38","slug":"safran-likoer-z18","status":"publish","type":"product","link":"https:\/\/gocceditalia.it\/de\/safran-likoer-z18\/","title":{"rendered":"Safran-Lik\u00f6r Z18"},"content":{"rendered":"","protected":false},"excerpt":{"rendered":"<p>Dieser Lik\u00f6r mit 28 Prozent bringt den Geschmack von Safran aus der G\u00e4rtnerei Marini am besten zum Ausdruck, erg\u00e4nzt durch Kr\u00e4uter, Blumen und Fr\u00fcchte. Er wird am besten kalt oder mit einem Eisw\u00fcrfel getrunken. Vorz\u00fcglich als Verdauungsschnaps.<\/p>\n<p>200-ml-Flasche<\/p>\n","protected":false},"featured_media":9308,"template":"","meta":{"_acf_changed":false},"product_brand":[],"product_cat":[315],"product_tag":[323,335,341],"class_list":{"0":"post-6797","1":"product","2":"type-product","3":"status-publish","4":"has-post-thumbnail","6":"product_cat-italienischer-grappa-likoere","7":"product_tag-lombardei","8":"product_tag-valtenesi-de","9":"product_tag-zafferano-marini-en-de","11":"first","12":"instock","13":"taxable","14":"shipping-taxable","15":"purchasable","16":"product-type-simple"},"acf":[],"_links":{"self":[{"href":"https:\/\/gocceditalia.it\/de\/wp-json\/wp\/v2\/product\/6797","targetHints":{"allow":["GET"]}}],"collection":[{"href":"https:\/\/gocceditalia.it\/de\/wp-json\/wp\/v2\/product"}],"about":[{"href":"https:\/\/gocceditalia.it\/de\/wp-json\/wp\/v2\/types\/product"}],"version-history":[{"count":1,"href":"https:\/\/gocceditalia.it\/de\/wp-json\/wp\/v2\/product\/6797\/revisions"}],"predecessor-version":[{"id":6799,"href":"https:\/\/gocceditalia.it\/de\/wp-json\/wp\/v2\/product\/6797\/revisions\/6799"}],"wp:featuredmedia":[{"embeddable":true,"href":"https:\/\/gocceditalia.it\/de\/wp-json\/wp\/v2\/media\/9308"}],"wp:attachment":[{"href":"https:\/\/gocceditalia.it\/de\/wp-json\/wp\/v2\/media?parent=6797"}],"wp:term":[{"taxonomy":"product_brand","embeddable":true,"href":"https:\/\/gocceditalia.it\/de\/wp-json\/wp\/v2\/product_brand?post=6797"},{"taxonomy":"product_cat","embeddable":true,"href":"https:\/\/gocceditalia.it\/de\/wp-json\/wp\/v2\/product_cat?post=6797"},{"taxonomy":"product_tag","embeddable":true,"href":"https:\/\/gocceditalia.it\/de\/wp-json\/wp\/v2\/product_tag?post=6797"}],"curies":[{"name":"wp","href":"https:\/\/api.w.org\/{rel}","templated":true}]}}