{"id":6801,"date":"2021-11-12T16:35:28","date_gmt":"2021-11-12T15:35:28","guid":{"rendered":"https:\/\/gocceditalia.it\/prodotti\/unkategorisiert\/miele-di-acacia-con-zafferano\/"},"modified":"2022-05-17T15:00:46","modified_gmt":"2022-05-17T13:00:46","slug":"akazienhonig-mit-safran","status":"publish","type":"product","link":"https:\/\/gocceditalia.it\/de\/akazienhonig-mit-safran\/","title":{"rendered":"Akazienhonig mit Safran"},"content":{"rendered":"","protected":false},"excerpt":{"rendered":"<p><span style=\"font-weight: 400;\">Safranbl\u00fcten aus der G\u00e4rtnerei Marini werden in italienischen Akazienhonig eingelegt. Hervorragend zu Weichk\u00e4se oder einfach in Wasser aufgel\u00f6st. Der Honig, ein nat\u00fcrliches Antibiotikum, und der Safran, ein Gew\u00fcrz, das reich an Vitamin AB und Carotinoiden ist, bieten viele Vorteile.<\/span><\/p>\n<p><span style=\"font-weight: 400;\">125-g-Packung mit Honigspender.<\/span><\/p>\n","protected":false},"featured_media":9311,"template":"","meta":{"_acf_changed":false},"product_brand":[],"product_cat":[422],"product_tag":[323,335,341],"class_list":{"0":"post-6801","1":"product","2":"type-product","3":"status-publish","4":"has-post-thumbnail","6":"product_cat-italienischer-honig-marmelade","7":"product_tag-lombardei","8":"product_tag-valtenesi-de","9":"product_tag-zafferano-marini-en-de","11":"first","12":"instock","13":"taxable","14":"shipping-taxable","15":"purchasable","16":"product-type-simple"},"acf":[],"_links":{"self":[{"href":"https:\/\/gocceditalia.it\/de\/wp-json\/wp\/v2\/product\/6801","targetHints":{"allow":["GET"]}}],"collection":[{"href":"https:\/\/gocceditalia.it\/de\/wp-json\/wp\/v2\/product"}],"about":[{"href":"https:\/\/gocceditalia.it\/de\/wp-json\/wp\/v2\/types\/product"}],"version-history":[{"count":2,"href":"https:\/\/gocceditalia.it\/de\/wp-json\/wp\/v2\/product\/6801\/revisions"}],"predecessor-version":[{"id":6804,"href":"https:\/\/gocceditalia.it\/de\/wp-json\/wp\/v2\/product\/6801\/revisions\/6804"}],"wp:featuredmedia":[{"embeddable":true,"href":"https:\/\/gocceditalia.it\/de\/wp-json\/wp\/v2\/media\/9311"}],"wp:attachment":[{"href":"https:\/\/gocceditalia.it\/de\/wp-json\/wp\/v2\/media?parent=6801"}],"wp:term":[{"taxonomy":"product_brand","embeddable":true,"href":"https:\/\/gocceditalia.it\/de\/wp-json\/wp\/v2\/product_brand?post=6801"},{"taxonomy":"product_cat","embeddable":true,"href":"https:\/\/gocceditalia.it\/de\/wp-json\/wp\/v2\/product_cat?post=6801"},{"taxonomy":"product_tag","embeddable":true,"href":"https:\/\/gocceditalia.it\/de\/wp-json\/wp\/v2\/product_tag?post=6801"}],"curies":[{"name":"wp","href":"https:\/\/api.w.org\/{rel}","templated":true}]}}