{"id":6803,"date":"2021-11-12T16:36:50","date_gmt":"2021-11-12T15:36:50","guid":{"rendered":"https:\/\/gocceditalia.it\/prodotti\/unkategorisiert\/zafferano-in-stimmi-marini\/"},"modified":"2022-05-17T15:00:27","modified_gmt":"2022-05-17T13:00:27","slug":"safranblueten-marini","status":"publish","type":"product","link":"https:\/\/gocceditalia.it\/de\/safranblueten-marini\/","title":{"rendered":"Safranbl\u00fcten Marini"},"content":{"rendered":"","protected":false},"excerpt":{"rendered":"<p><span style=\"font-weight: 400;\">Der Safran von Marini Vivai wird ausschlie\u00dflich als St\u00e4ngel verkauft. Da sie auf ganz nat\u00fcrliche Weise angebaut und getrocknet werden, bewahren sie den Geschmack und die wohltuenden Eigenschaften dieses wertvollen Gew\u00fcrzes, das reich an Vitamin AB und Carotinoiden ist. Zur Verwendung muss er vier Stunden lang in hei\u00dfem Wasser, Br\u00fche (f\u00fcr herzhafte Gerichte) oder in hei\u00dfem Wasser\/Milch (f\u00fcr s\u00fc\u00dfe Gerichte) eingeweicht werden. Der Safran von Marini Vivai wird jedes Jahr von der Universit\u00e4t des Gebirges analysiert und ist immer in die h\u00f6chste Kategorie eingestuft worden.<\/span><\/p>\n<p><span style=\"font-weight: 400;\">0,20-g-Packung<\/span><\/p>\n","protected":false},"featured_media":9314,"template":"","meta":{"_acf_changed":false},"product_brand":[],"product_cat":[339],"product_tag":[323,335,341],"class_list":{"0":"post-6803","1":"product","2":"type-product","3":"status-publish","4":"has-post-thumbnail","6":"product_cat-italienische-pasta-reis-saucen","7":"product_tag-lombardei","8":"product_tag-valtenesi-de","9":"product_tag-zafferano-marini-en-de","11":"first","12":"instock","13":"taxable","14":"shipping-taxable","15":"purchasable","16":"product-type-simple"},"acf":[],"_links":{"self":[{"href":"https:\/\/gocceditalia.it\/de\/wp-json\/wp\/v2\/product\/6803","targetHints":{"allow":["GET"]}}],"collection":[{"href":"https:\/\/gocceditalia.it\/de\/wp-json\/wp\/v2\/product"}],"about":[{"href":"https:\/\/gocceditalia.it\/de\/wp-json\/wp\/v2\/types\/product"}],"version-history":[{"count":3,"href":"https:\/\/gocceditalia.it\/de\/wp-json\/wp\/v2\/product\/6803\/revisions"}],"predecessor-version":[{"id":6810,"href":"https:\/\/gocceditalia.it\/de\/wp-json\/wp\/v2\/product\/6803\/revisions\/6810"}],"wp:featuredmedia":[{"embeddable":true,"href":"https:\/\/gocceditalia.it\/de\/wp-json\/wp\/v2\/media\/9314"}],"wp:attachment":[{"href":"https:\/\/gocceditalia.it\/de\/wp-json\/wp\/v2\/media?parent=6803"}],"wp:term":[{"taxonomy":"product_brand","embeddable":true,"href":"https:\/\/gocceditalia.it\/de\/wp-json\/wp\/v2\/product_brand?post=6803"},{"taxonomy":"product_cat","embeddable":true,"href":"https:\/\/gocceditalia.it\/de\/wp-json\/wp\/v2\/product_cat?post=6803"},{"taxonomy":"product_tag","embeddable":true,"href":"https:\/\/gocceditalia.it\/de\/wp-json\/wp\/v2\/product_tag?post=6803"}],"curies":[{"name":"wp","href":"https:\/\/api.w.org\/{rel}","templated":true}]}}