{"id":7871,"date":"2020-11-19T10:07:59","date_gmt":"2020-11-19T09:07:59","guid":{"rendered":"https:\/\/gocceditalia.it\/pate-di-aglio-piccante\/"},"modified":"2025-12-02T00:00:05","modified_gmt":"2025-12-01T23:00:05","slug":"wuerzige-knoblauch-pasteten","status":"publish","type":"product","link":"https:\/\/gocceditalia.it\/de\/wuerzige-knoblauch-pasteten\/","title":{"rendered":"W\u00fcrzige Knoblauch Pasteten"},"content":{"rendered":"<p><strong>Zutaten<\/strong>: Knoblauch 80% (Antioxidationsmittel: Ascorbins\u00e4ure), natives Oliven\u00f6l extra, Paprika pikant 5%, Meersalz, Petersilie, S\u00e4ureregulator: Zitronens\u00e4ure.<\/p>\n","protected":false},"excerpt":{"rendered":"<h3>100gr<\/h3>\n<p>Eine Knoblauchcreme mit s\u00fc\u00dfem und delikatem Geschmack, trotz der leichten Sch\u00e4rfe, die ihr durch Chili-Pfeffer verliehen wird, hervorragend als Dressing f\u00fcr Hauptgerichte.<\/p>\n","protected":false},"featured_media":3195,"template":"","meta":{"_acf_changed":false},"product_brand":[],"product_cat":[1365,337],"product_tag":[322,323,335],"class_list":{"0":"post-7871","1":"product","2":"type-product","3":"status-publish","4":"has-post-thumbnail","6":"product_cat-black-friday-de","7":"product_cat-italienische-antipasti","8":"product_tag-frantoio-manestrini-de","9":"product_tag-lombardei","10":"product_tag-valtenesi-de","12":"first","13":"instock","14":"taxable","15":"shipping-taxable","16":"purchasable","17":"product-type-simple"},"acf":[],"_links":{"self":[{"href":"https:\/\/gocceditalia.it\/de\/wp-json\/wp\/v2\/product\/7871","targetHints":{"allow":["GET"]}}],"collection":[{"href":"https:\/\/gocceditalia.it\/de\/wp-json\/wp\/v2\/product"}],"about":[{"href":"https:\/\/gocceditalia.it\/de\/wp-json\/wp\/v2\/types\/product"}],"version-history":[{"count":1,"href":"https:\/\/gocceditalia.it\/de\/wp-json\/wp\/v2\/product\/7871\/revisions"}],"predecessor-version":[{"id":8601,"href":"https:\/\/gocceditalia.it\/de\/wp-json\/wp\/v2\/product\/7871\/revisions\/8601"}],"wp:featuredmedia":[{"embeddable":true,"href":"https:\/\/gocceditalia.it\/de\/wp-json\/wp\/v2\/media\/3195"}],"wp:attachment":[{"href":"https:\/\/gocceditalia.it\/de\/wp-json\/wp\/v2\/media?parent=7871"}],"wp:term":[{"taxonomy":"product_brand","embeddable":true,"href":"https:\/\/gocceditalia.it\/de\/wp-json\/wp\/v2\/product_brand?post=7871"},{"taxonomy":"product_cat","embeddable":true,"href":"https:\/\/gocceditalia.it\/de\/wp-json\/wp\/v2\/product_cat?post=7871"},{"taxonomy":"product_tag","embeddable":true,"href":"https:\/\/gocceditalia.it\/de\/wp-json\/wp\/v2\/product_tag?post=7871"}],"curies":[{"name":"wp","href":"https:\/\/api.w.org\/{rel}","templated":true}]}}