{"id":7884,"date":"2020-11-19T10:07:54","date_gmt":"2020-11-19T09:07:54","guid":{"rendered":"https:\/\/gocceditalia.it\/pate-di-olive-nere\/"},"modified":"2022-11-24T09:49:11","modified_gmt":"2022-11-24T08:49:11","slug":"schwarze-olivenpaste","status":"publish","type":"product","link":"https:\/\/gocceditalia.it\/de\/schwarze-olivenpaste\/","title":{"rendered":"Schwarze Olivenpaste"},"content":{"rendered":"<p><strong>Zutaten<\/strong>: Schwarze Oliven 80% (Meersalz, S\u00e4ureregulator: Milchs\u00e4ure), natives Oliven\u00f6l extra, nat\u00fcrliche Aromen.<\/p>\n","protected":false},"excerpt":{"rendered":"<h3>180gr<\/h3>\n<p>Eine Pastete mit einem intensiven Geschmack der Oliven unseres Gebiets.<br \/>\n<strong>Ideal f\u00fcr Salate, Fleisch, Nudeln, Croutons und Bruschetta.<\/strong><\/p>\n","protected":false},"featured_media":3166,"template":"","meta":{"_acf_changed":false},"product_brand":[],"product_cat":[337],"product_tag":[322,323,335],"class_list":{"0":"post-7884","1":"product","2":"type-product","3":"status-publish","4":"has-post-thumbnail","6":"product_cat-italienische-antipasti","7":"product_tag-frantoio-manestrini-de","8":"product_tag-lombardei","9":"product_tag-valtenesi-de","11":"first","12":"instock","13":"taxable","14":"shipping-taxable","15":"purchasable","16":"product-type-simple"},"acf":[],"_links":{"self":[{"href":"https:\/\/gocceditalia.it\/de\/wp-json\/wp\/v2\/product\/7884","targetHints":{"allow":["GET"]}}],"collection":[{"href":"https:\/\/gocceditalia.it\/de\/wp-json\/wp\/v2\/product"}],"about":[{"href":"https:\/\/gocceditalia.it\/de\/wp-json\/wp\/v2\/types\/product"}],"version-history":[{"count":1,"href":"https:\/\/gocceditalia.it\/de\/wp-json\/wp\/v2\/product\/7884\/revisions"}],"predecessor-version":[{"id":7887,"href":"https:\/\/gocceditalia.it\/de\/wp-json\/wp\/v2\/product\/7884\/revisions\/7887"}],"wp:featuredmedia":[{"embeddable":true,"href":"https:\/\/gocceditalia.it\/de\/wp-json\/wp\/v2\/media\/3166"}],"wp:attachment":[{"href":"https:\/\/gocceditalia.it\/de\/wp-json\/wp\/v2\/media?parent=7884"}],"wp:term":[{"taxonomy":"product_brand","embeddable":true,"href":"https:\/\/gocceditalia.it\/de\/wp-json\/wp\/v2\/product_brand?post=7884"},{"taxonomy":"product_cat","embeddable":true,"href":"https:\/\/gocceditalia.it\/de\/wp-json\/wp\/v2\/product_cat?post=7884"},{"taxonomy":"product_tag","embeddable":true,"href":"https:\/\/gocceditalia.it\/de\/wp-json\/wp\/v2\/product_tag?post=7884"}],"curies":[{"name":"wp","href":"https:\/\/api.w.org\/{rel}","templated":true}]}}