{"id":7889,"date":"2020-11-19T10:07:51","date_gmt":"2020-11-19T09:07:51","guid":{"rendered":"https:\/\/gocceditalia.it\/olive-in-salamoia\/"},"modified":"2022-11-24T09:49:21","modified_gmt":"2022-11-24T08:49:21","slug":"oliven-in-salzlake","status":"publish","type":"product","link":"https:\/\/gocceditalia.it\/de\/oliven-in-salzlake\/","title":{"rendered":"Oliven in Salzlake"},"content":{"rendered":"<p><b>Zutaten<\/b>: Oliven, Wasser, Salz, nat\u00fcrliche Aromen, S\u00e4ureregulator: Zitronens\u00e4ure.<\/p>\n","protected":false},"excerpt":{"rendered":"<h3>280gr<\/h3>\n<p>Schwarze Oliven in Salzlake: ideal f\u00fcr Cocktails, als Zutaten f\u00fcr Vorspeisen, Salate, Pizzen oder zur Anreicherung von Fleisch- oder Fischfilets; auch hervorragend als aperitif.<\/p>\n","protected":false},"featured_media":3150,"template":"","meta":{"_acf_changed":false},"product_brand":[],"product_cat":[337],"product_tag":[322,323,335],"class_list":{"0":"post-7889","1":"product","2":"type-product","3":"status-publish","4":"has-post-thumbnail","6":"product_cat-italienische-antipasti","7":"product_tag-frantoio-manestrini-de","8":"product_tag-lombardei","9":"product_tag-valtenesi-de","11":"first","12":"instock","13":"taxable","14":"shipping-taxable","15":"purchasable","16":"product-type-simple"},"acf":[],"_links":{"self":[{"href":"https:\/\/gocceditalia.it\/de\/wp-json\/wp\/v2\/product\/7889","targetHints":{"allow":["GET"]}}],"collection":[{"href":"https:\/\/gocceditalia.it\/de\/wp-json\/wp\/v2\/product"}],"about":[{"href":"https:\/\/gocceditalia.it\/de\/wp-json\/wp\/v2\/types\/product"}],"version-history":[{"count":1,"href":"https:\/\/gocceditalia.it\/de\/wp-json\/wp\/v2\/product\/7889\/revisions"}],"predecessor-version":[{"id":7891,"href":"https:\/\/gocceditalia.it\/de\/wp-json\/wp\/v2\/product\/7889\/revisions\/7891"}],"wp:featuredmedia":[{"embeddable":true,"href":"https:\/\/gocceditalia.it\/de\/wp-json\/wp\/v2\/media\/3150"}],"wp:attachment":[{"href":"https:\/\/gocceditalia.it\/de\/wp-json\/wp\/v2\/media?parent=7889"}],"wp:term":[{"taxonomy":"product_brand","embeddable":true,"href":"https:\/\/gocceditalia.it\/de\/wp-json\/wp\/v2\/product_brand?post=7889"},{"taxonomy":"product_cat","embeddable":true,"href":"https:\/\/gocceditalia.it\/de\/wp-json\/wp\/v2\/product_cat?post=7889"},{"taxonomy":"product_tag","embeddable":true,"href":"https:\/\/gocceditalia.it\/de\/wp-json\/wp\/v2\/product_tag?post=7889"}],"curies":[{"name":"wp","href":"https:\/\/api.w.org\/{rel}","templated":true}]}}