{"id":7898,"date":"2020-11-19T10:07:40","date_gmt":"2020-11-19T09:07:40","guid":{"rendered":"https:\/\/gocceditalia.it\/crema-di-aceto-balsamico-bianco\/"},"modified":"2024-01-22T23:09:08","modified_gmt":"2024-01-22T22:09:08","slug":"weisse-balsamico-essig-creme","status":"publish","type":"product","link":"https:\/\/gocceditalia.it\/de\/weisse-balsamico-essig-creme\/","title":{"rendered":"Wei\u00dfe Balsamico-Essig Creme"},"content":{"rendered":"","protected":false},"excerpt":{"rendered":"<h3>210ml<\/h3>\n<p>Gewonnen aus Traubenmost, der fachm\u00e4nnisch mit Weinessig vermischt wird, um eine goldene Farbe zu erhalten. Sein offensichtlichstes Merkmal ist, dass die Farbe der Gerichte unver\u00e4ndert bleibt, wodurch zart s\u00e4uerliche Fruchtaromen und -geschmacke entstehen (diese Creme ist ein g\u00fcltiger Ersatz f\u00fcr Weinessig).<\/p>\n<p><i>Nat\u00fcrliches Dressing f\u00fcr Salate und frisches Gem\u00fcse in Pinzimonio. Sie passt hervorragend zu Meeresfr\u00fcchten und wei\u00dfem Fleisch.<\/i><\/p>\n","protected":false},"featured_media":3102,"template":"","meta":{"_acf_changed":false},"product_brand":[],"product_cat":[312],"product_tag":[322,323,335],"class_list":{"0":"post-7898","1":"product","2":"type-product","3":"status-publish","4":"has-post-thumbnail","6":"product_cat-italienischer-essige","7":"product_tag-frantoio-manestrini-de","8":"product_tag-lombardei","9":"product_tag-valtenesi-de","11":"first","12":"instock","13":"taxable","14":"shipping-taxable","15":"purchasable","16":"product-type-simple"},"acf":[],"_links":{"self":[{"href":"https:\/\/gocceditalia.it\/de\/wp-json\/wp\/v2\/product\/7898","targetHints":{"allow":["GET"]}}],"collection":[{"href":"https:\/\/gocceditalia.it\/de\/wp-json\/wp\/v2\/product"}],"about":[{"href":"https:\/\/gocceditalia.it\/de\/wp-json\/wp\/v2\/types\/product"}],"version-history":[{"count":3,"href":"https:\/\/gocceditalia.it\/de\/wp-json\/wp\/v2\/product\/7898\/revisions"}],"predecessor-version":[{"id":18037,"href":"https:\/\/gocceditalia.it\/de\/wp-json\/wp\/v2\/product\/7898\/revisions\/18037"}],"wp:featuredmedia":[{"embeddable":true,"href":"https:\/\/gocceditalia.it\/de\/wp-json\/wp\/v2\/media\/3102"}],"wp:attachment":[{"href":"https:\/\/gocceditalia.it\/de\/wp-json\/wp\/v2\/media?parent=7898"}],"wp:term":[{"taxonomy":"product_brand","embeddable":true,"href":"https:\/\/gocceditalia.it\/de\/wp-json\/wp\/v2\/product_brand?post=7898"},{"taxonomy":"product_cat","embeddable":true,"href":"https:\/\/gocceditalia.it\/de\/wp-json\/wp\/v2\/product_cat?post=7898"},{"taxonomy":"product_tag","embeddable":true,"href":"https:\/\/gocceditalia.it\/de\/wp-json\/wp\/v2\/product_tag?post=7898"}],"curies":[{"name":"wp","href":"https:\/\/api.w.org\/{rel}","templated":true}]}}