{"id":7910,"date":"2020-11-19T10:07:34","date_gmt":"2020-11-19T09:07:34","guid":{"rendered":"https:\/\/gocceditalia.it\/aceto-balsamico-di-modena-igp-bio\/"},"modified":"2022-01-26T17:31:12","modified_gmt":"2022-01-26T16:31:12","slug":"bio-balsamico-essig-von-modena-igp","status":"publish","type":"product","link":"https:\/\/gocceditalia.it\/de\/bio-balsamico-essig-von-modena-igp\/","title":{"rendered":"BIO Balsamico-Essig von Modena IGP."},"content":{"rendered":"","protected":false},"excerpt":{"rendered":"<h3>0,250 lt<\/h3>\n<p>In der Nase sanft er s\u00e4uerlich mit deutlichen Frucht- und Holznoten. Am Gaumen ist er s\u00fc\u00df-sauer, harmonisch, mit der richtigen Balance zwischen der S\u00fc\u00dfe des Bio-Traubenmostes und der S\u00e4ure des Bio-Weinesessigs. Dieses Gef\u00fchl bleibt lange im Mund, das typisch f\u00fcr den besten gereiften Balsamico ist.<\/p>\n<p><i>Ideal f\u00fcr Fleisch, Braten, gereiften K\u00e4se und Desserts. Ein hochwertiges Produkt, das sich durch das Fehlen von Farbstoffen, Verdickungsmitteln und Aromen auszeichnet.<\/i><\/p>\n","protected":false},"featured_media":3078,"template":"","meta":{"_acf_changed":false},"product_brand":[],"product_cat":[312],"product_tag":[322,323,335],"class_list":{"0":"post-7910","1":"product","2":"type-product","3":"status-publish","4":"has-post-thumbnail","6":"product_cat-italienischer-essige","7":"product_tag-frantoio-manestrini-de","8":"product_tag-lombardei","9":"product_tag-valtenesi-de","11":"first","12":"instock","13":"taxable","14":"shipping-taxable","15":"purchasable","16":"product-type-simple"},"acf":[],"_links":{"self":[{"href":"https:\/\/gocceditalia.it\/de\/wp-json\/wp\/v2\/product\/7910","targetHints":{"allow":["GET"]}}],"collection":[{"href":"https:\/\/gocceditalia.it\/de\/wp-json\/wp\/v2\/product"}],"about":[{"href":"https:\/\/gocceditalia.it\/de\/wp-json\/wp\/v2\/types\/product"}],"version-history":[{"count":2,"href":"https:\/\/gocceditalia.it\/de\/wp-json\/wp\/v2\/product\/7910\/revisions"}],"predecessor-version":[{"id":7914,"href":"https:\/\/gocceditalia.it\/de\/wp-json\/wp\/v2\/product\/7910\/revisions\/7914"}],"wp:featuredmedia":[{"embeddable":true,"href":"https:\/\/gocceditalia.it\/de\/wp-json\/wp\/v2\/media\/3078"}],"wp:attachment":[{"href":"https:\/\/gocceditalia.it\/de\/wp-json\/wp\/v2\/media?parent=7910"}],"wp:term":[{"taxonomy":"product_brand","embeddable":true,"href":"https:\/\/gocceditalia.it\/de\/wp-json\/wp\/v2\/product_brand?post=7910"},{"taxonomy":"product_cat","embeddable":true,"href":"https:\/\/gocceditalia.it\/de\/wp-json\/wp\/v2\/product_cat?post=7910"},{"taxonomy":"product_tag","embeddable":true,"href":"https:\/\/gocceditalia.it\/de\/wp-json\/wp\/v2\/product_tag?post=7910"}],"curies":[{"name":"wp","href":"https:\/\/api.w.org\/{rel}","templated":true}]}}