{"id":7916,"date":"2020-11-19T10:07:34","date_gmt":"2020-11-19T09:07:34","guid":{"rendered":"https:\/\/gocceditalia.it\/condimento-bianco-barricato-250ml\/"},"modified":"2026-02-02T15:42:06","modified_gmt":"2026-02-02T14:42:06","slug":"condimento-balsamico-im-barrique-gereift","status":"publish","type":"product","link":"https:\/\/gocceditalia.it\/de\/condimento-balsamico-im-barrique-gereift\/","title":{"rendered":"Condimento Balsamico \u2013 Im Barrique gereift"},"content":{"rendered":"","protected":false},"excerpt":{"rendered":"<h3>0,250 lt<\/h3>\n<p>Dressing aus dem Most konzentrierter wei\u00dfer Trauben, fachm\u00e4nnisch mit Weinessig vermischt, der lange in Eichenf\u00e4ssern gereift ist, um eine goldene Farbe zu erhalten Sein offensichtlichstes Merkmal ist, dass die Farbe der Gerichte unver\u00e4ndert bleibt, wodurch zart s\u00e4uerliche Fruchtaromen und -geschmacke entstehen.<\/p>\n<p><i>Nat\u00fcrliches Dressing f\u00fcr Salate und frisches Gem\u00fcse in Pinzimonio. Es passt hervorragend zu Meeresfr\u00fcchten und wei\u00dfem Fleisch.<\/i><\/p>\n","protected":false},"featured_media":3074,"template":"","meta":{"_acf_changed":false},"product_brand":[],"product_cat":[312],"product_tag":[322,323,335],"class_list":{"0":"post-7916","1":"product","2":"type-product","3":"status-publish","4":"has-post-thumbnail","6":"product_cat-italienischer-essige","7":"product_tag-frantoio-manestrini-de","8":"product_tag-lombardei","9":"product_tag-valtenesi-de","10":"pa_formato-0250-lt-de-2","11":"pa_formato-0500-lt-de-2","12":"pa_formato-6x0500-lt-de-2","13":"pa_formato-8x0250-lt-de","15":"first","16":"instock","17":"taxable","18":"shipping-taxable","19":"purchasable","20":"product-type-variable"},"acf":[],"_links":{"self":[{"href":"https:\/\/gocceditalia.it\/de\/wp-json\/wp\/v2\/product\/7916","targetHints":{"allow":["GET"]}}],"collection":[{"href":"https:\/\/gocceditalia.it\/de\/wp-json\/wp\/v2\/product"}],"about":[{"href":"https:\/\/gocceditalia.it\/de\/wp-json\/wp\/v2\/types\/product"}],"version-history":[{"count":3,"href":"https:\/\/gocceditalia.it\/de\/wp-json\/wp\/v2\/product\/7916\/revisions"}],"predecessor-version":[{"id":28364,"href":"https:\/\/gocceditalia.it\/de\/wp-json\/wp\/v2\/product\/7916\/revisions\/28364"}],"wp:featuredmedia":[{"embeddable":true,"href":"https:\/\/gocceditalia.it\/de\/wp-json\/wp\/v2\/media\/3074"}],"wp:attachment":[{"href":"https:\/\/gocceditalia.it\/de\/wp-json\/wp\/v2\/media?parent=7916"}],"wp:term":[{"taxonomy":"product_brand","embeddable":true,"href":"https:\/\/gocceditalia.it\/de\/wp-json\/wp\/v2\/product_brand?post=7916"},{"taxonomy":"product_cat","embeddable":true,"href":"https:\/\/gocceditalia.it\/de\/wp-json\/wp\/v2\/product_cat?post=7916"},{"taxonomy":"product_tag","embeddable":true,"href":"https:\/\/gocceditalia.it\/de\/wp-json\/wp\/v2\/product_tag?post=7916"}],"curies":[{"name":"wp","href":"https:\/\/api.w.org\/{rel}","templated":true}]}}