{"id":7927,"date":"2020-11-19T10:07:23","date_gmt":"2020-11-19T09:07:23","guid":{"rendered":"https:\/\/gocceditalia.it\/condimento-al-limone\/"},"modified":"2026-01-29T16:37:06","modified_gmt":"2026-01-29T15:37:06","slug":"zitronendressing","status":"publish","type":"product","link":"https:\/\/gocceditalia.it\/de\/zitronendressing\/","title":{"rendered":"Zitronen-Oliven\u00f6l"},"content":{"rendered":"","protected":false},"excerpt":{"rendered":"<h3>W\u00fcrz\u00f6l auf Basis von 100% italienischem nativem Oliven\u00f6l Extra &amp; nat\u00fcrlichem Zitronenextrakt &#8211; 0,25 l.<\/h3>\n<p>Frisch, spritzig und lebendig. Eine mediterrane Zitrusnote, die leichte Gerichte verfeinert, ohne sauer zu sein.<\/p>\n<p><strong>Ideal zu:<\/strong> Gegrilltem Fisch, Meeresfr\u00fcchtesalat, H\u00e4hnchen, ged\u00fcnstetem Gem\u00fcse.<\/p>\n","protected":false},"featured_media":28202,"template":"","meta":{"_acf_changed":false},"product_brand":[],"product_cat":[313],"product_tag":[322,323,335],"class_list":{"0":"post-7927","1":"product","2":"type-product","3":"status-publish","4":"has-post-thumbnail","6":"product_cat-italienische-wuerzoele","7":"product_tag-frantoio-manestrini-de","8":"product_tag-lombardei","9":"product_tag-valtenesi-de","10":"pa_confezione-flasche","11":"pa_confezione-kann","13":"first","14":"instock","15":"taxable","16":"shipping-taxable","17":"purchasable","18":"product-type-simple"},"acf":[],"_links":{"self":[{"href":"https:\/\/gocceditalia.it\/de\/wp-json\/wp\/v2\/product\/7927","targetHints":{"allow":["GET"]}}],"collection":[{"href":"https:\/\/gocceditalia.it\/de\/wp-json\/wp\/v2\/product"}],"about":[{"href":"https:\/\/gocceditalia.it\/de\/wp-json\/wp\/v2\/types\/product"}],"version-history":[{"count":4,"href":"https:\/\/gocceditalia.it\/de\/wp-json\/wp\/v2\/product\/7927\/revisions"}],"predecessor-version":[{"id":28206,"href":"https:\/\/gocceditalia.it\/de\/wp-json\/wp\/v2\/product\/7927\/revisions\/28206"}],"wp:featuredmedia":[{"embeddable":true,"href":"https:\/\/gocceditalia.it\/de\/wp-json\/wp\/v2\/media\/28202"}],"wp:attachment":[{"href":"https:\/\/gocceditalia.it\/de\/wp-json\/wp\/v2\/media?parent=7927"}],"wp:term":[{"taxonomy":"product_brand","embeddable":true,"href":"https:\/\/gocceditalia.it\/de\/wp-json\/wp\/v2\/product_brand?post=7927"},{"taxonomy":"product_cat","embeddable":true,"href":"https:\/\/gocceditalia.it\/de\/wp-json\/wp\/v2\/product_cat?post=7927"},{"taxonomy":"product_tag","embeddable":true,"href":"https:\/\/gocceditalia.it\/de\/wp-json\/wp\/v2\/product_tag?post=7927"}],"curies":[{"name":"wp","href":"https:\/\/api.w.org\/{rel}","templated":true}]}}