{"id":7942,"date":"2020-11-19T10:07:21","date_gmt":"2020-11-19T09:07:21","guid":{"rendered":"https:\/\/gocceditalia.it\/condimento-allaglio\/"},"modified":"2026-01-31T14:06:31","modified_gmt":"2026-01-31T13:06:31","slug":"knoblauchdressing","status":"publish","type":"product","link":"https:\/\/gocceditalia.it\/de\/knoblauchdressing\/","title":{"rendered":"Knoblauch-Oliven\u00f6l"},"content":{"rendered":"","protected":false},"excerpt":{"rendered":"<h3>W\u00fcrz\u00f6l auf Basis von 100% italienischem nativem Oliven\u00f6l Extra &amp; nat\u00fcrlichem Knoblauchextrakt &#8211; 0,25 l.<\/h3>\n<p>Kr\u00e4ftig, herzhaft und pikant. Der volle Geschmack von frischem Knoblauch, ganz ohne Sch\u00e4len.<\/p>\n<p><strong>Ideal zu:<\/strong> Bruschetta, Pastasaucen, Grillfleisch, gebratenen Pilzen.<\/p>\n","protected":false},"featured_media":28227,"template":"","meta":{"_acf_changed":false},"product_brand":[],"product_cat":[313],"product_tag":[322,323,335],"class_list":{"0":"post-7942","1":"product","2":"type-product","3":"status-publish","4":"has-post-thumbnail","6":"product_cat-italienische-wuerzoele","7":"product_tag-frantoio-manestrini-de","8":"product_tag-lombardei","9":"product_tag-valtenesi-de","10":"pa_confezione-flasche","11":"pa_confezione-kann","13":"first","14":"instock","15":"taxable","16":"shipping-taxable","17":"purchasable","18":"product-type-simple"},"acf":[],"_links":{"self":[{"href":"https:\/\/gocceditalia.it\/de\/wp-json\/wp\/v2\/product\/7942","targetHints":{"allow":["GET"]}}],"collection":[{"href":"https:\/\/gocceditalia.it\/de\/wp-json\/wp\/v2\/product"}],"about":[{"href":"https:\/\/gocceditalia.it\/de\/wp-json\/wp\/v2\/types\/product"}],"version-history":[{"count":2,"href":"https:\/\/gocceditalia.it\/de\/wp-json\/wp\/v2\/product\/7942\/revisions"}],"predecessor-version":[{"id":28255,"href":"https:\/\/gocceditalia.it\/de\/wp-json\/wp\/v2\/product\/7942\/revisions\/28255"}],"wp:featuredmedia":[{"embeddable":true,"href":"https:\/\/gocceditalia.it\/de\/wp-json\/wp\/v2\/media\/28227"}],"wp:attachment":[{"href":"https:\/\/gocceditalia.it\/de\/wp-json\/wp\/v2\/media?parent=7942"}],"wp:term":[{"taxonomy":"product_brand","embeddable":true,"href":"https:\/\/gocceditalia.it\/de\/wp-json\/wp\/v2\/product_brand?post=7942"},{"taxonomy":"product_cat","embeddable":true,"href":"https:\/\/gocceditalia.it\/de\/wp-json\/wp\/v2\/product_cat?post=7942"},{"taxonomy":"product_tag","embeddable":true,"href":"https:\/\/gocceditalia.it\/de\/wp-json\/wp\/v2\/product_tag?post=7942"}],"curies":[{"name":"wp","href":"https:\/\/api.w.org\/{rel}","templated":true}]}}