{"id":7948,"date":"2020-11-19T10:07:18","date_gmt":"2020-11-19T09:07:18","guid":{"rendered":"https:\/\/gocceditalia.it\/olio-extra-vergine-di-oliva-monovarietale-leccino\/"},"modified":"2026-01-31T15:29:43","modified_gmt":"2026-01-31T14:29:43","slug":"leccino-reinsortiges-natives-olivenoel-extra","status":"publish","type":"product","link":"https:\/\/gocceditalia.it\/de\/leccino-reinsortiges-natives-olivenoel-extra\/","title":{"rendered":"Natives Oliven\u00f6l Extra \u2013 Leccino (Sortenrein)"},"content":{"rendered":"<section class=\"elementor-section elementor-top-section elementor-element elementor-element-754cc338 elementor-section-boxed elementor-section-height-default elementor-section-height-default\" data-particle_enable=\"false\" data-particle-mobile-disabled=\"false\" data-id=\"754cc338\" data-element_type=\"section\" data-settings=\"{&quot;background_background&quot;:&quot;classic&quot;}\">\n<div class=\"elementor-container elementor-column-gap-wide\">\n<div class=\"elementor-row\">\n<div class=\"elementor-column elementor-col-100 elementor-top-column elementor-element elementor-element-17373cae\" data-id=\"17373cae\" data-element_type=\"column\" data-settings=\"{&quot;background_background&quot;:&quot;classic&quot;}\">\n<div class=\"elementor-column-wrap elementor-element-populated\">\n<div class=\"elementor-widget-wrap\">\n<section class=\"elementor-section elementor-inner-section elementor-element elementor-element-61ca344 elementor-section-boxed elementor-section-height-default elementor-section-height-default\" data-particle_enable=\"false\" data-particle-mobile-disabled=\"false\" data-id=\"61ca344\" data-element_type=\"section\">\n<div class=\"elementor-container elementor-column-gap-default\">\n<div class=\"elementor-row\">\n<div class=\"elementor-column elementor-col-100 elementor-inner-column elementor-element elementor-element-9e3dc2a\" data-id=\"9e3dc2a\" data-element_type=\"column\">\n<div class=\"elementor-column-wrap elementor-element-populated\">\n<div class=\"elementor-widget-wrap\">\n<div class=\"elementor-element elementor-element-3caff93 elementor-widget elementor-widget-woocommerce-product-content\" data-id=\"3caff93\" data-element_type=\"widget\" data-widget_type=\"woocommerce-product-content.default\">\n<div class=\"elementor-widget-container\">\n<p><b>Ernte und Mahlzeit: <\/b>von Mitte Oktober bis Mitte November.<\/p>\n<p><b>Zeit von der Ernte bis zum Mahlen:<\/b>\u00a0nicht mehr als 24 Stunden.<\/p>\n<p><b>Fr\u00e4smethode:<\/b>\u00a0kontinuierlicher Zyklus. Kaltextraktion.<\/p>\n<p><b>Farbe:<\/b>\u00a0sehr hellgr\u00fcn mit goldenen Reflexen<\/p>\n<p><b>S\u00e4ure:<\/b>\u00a0Das rechtzeitige Sammeln und Pressen der Oliven erm\u00f6glicht es, ein \u00d6l mit sehr geringem S\u00e4uregehalt (0,2% \u2013 0,3%) zu erhalten.<\/p>\n<\/div>\n<\/div>\n<\/div>\n<\/div>\n<\/div>\n<\/div>\n<\/div>\n<\/section>\n<\/div>\n<\/div>\n<\/div>\n<\/div>\n<\/div>\n<\/section>\n<section class=\"elementor-section elementor-top-section elementor-element elementor-element-cc98dab elementor-reverse-mobile elementor-section-boxed elementor-section-height-default elementor-section-height-default\" data-particle_enable=\"false\" data-particle-mobile-disabled=\"false\" data-id=\"cc98dab\" data-element_type=\"section\" data-settings=\"{&quot;background_background&quot;:&quot;classic&quot;}\"><\/section>\n<p>&nbsp;<\/p>\n","protected":false},"excerpt":{"rendered":"<p>Sortenreines \u00d6l, das ausschlie\u00dflich aus <b data-path-to-node=\"33\" data-index-in-node=\"61\">Leccino<\/b>-Oliven gewonnen wird, einer Sorte, die im Mikroklima des Gardasees ihre maximale Eleganz entfaltet. Im Gegensatz zu kr\u00e4ftigeren \u00d6len bietet der Leccino eine <b data-path-to-node=\"33\" data-index-in-node=\"226\">sanfte und niemals aufdringliche<\/b> W\u00fcrze. Es ist die erste Wahl f\u00fcr Gaumen, die keine intensiven Bitternoten m\u00f6gen, oder um Zutaten mit feinem Eigengeschmack zu veredeln, ohne sie zu \u00fcberdecken.<\/p>\n","protected":false},"featured_media":3007,"template":"","meta":{"_acf_changed":false},"product_brand":[],"product_cat":[321],"product_tag":[335],"class_list":{"0":"post-7948","1":"product","2":"type-product","3":"status-publish","4":"has-post-thumbnail","6":"product_cat-italienisches-natives-olivenoel-extra","7":"product_tag-valtenesi-de","8":"pa_confezione-1-flasche","9":"pa_confezione-6-flaschen","10":"pa_formato-0250-lt-de-2","11":"pa_formato-0500-lt-de-2","13":"first","14":"instock","15":"taxable","16":"shipping-taxable","17":"purchasable","18":"product-type-variable"},"acf":[],"_links":{"self":[{"href":"https:\/\/gocceditalia.it\/de\/wp-json\/wp\/v2\/product\/7948","targetHints":{"allow":["GET"]}}],"collection":[{"href":"https:\/\/gocceditalia.it\/de\/wp-json\/wp\/v2\/product"}],"about":[{"href":"https:\/\/gocceditalia.it\/de\/wp-json\/wp\/v2\/types\/product"}],"version-history":[{"count":2,"href":"https:\/\/gocceditalia.it\/de\/wp-json\/wp\/v2\/product\/7948\/revisions"}],"predecessor-version":[{"id":28284,"href":"https:\/\/gocceditalia.it\/de\/wp-json\/wp\/v2\/product\/7948\/revisions\/28284"}],"wp:featuredmedia":[{"embeddable":true,"href":"https:\/\/gocceditalia.it\/de\/wp-json\/wp\/v2\/media\/3007"}],"wp:attachment":[{"href":"https:\/\/gocceditalia.it\/de\/wp-json\/wp\/v2\/media?parent=7948"}],"wp:term":[{"taxonomy":"product_brand","embeddable":true,"href":"https:\/\/gocceditalia.it\/de\/wp-json\/wp\/v2\/product_brand?post=7948"},{"taxonomy":"product_cat","embeddable":true,"href":"https:\/\/gocceditalia.it\/de\/wp-json\/wp\/v2\/product_cat?post=7948"},{"taxonomy":"product_tag","embeddable":true,"href":"https:\/\/gocceditalia.it\/de\/wp-json\/wp\/v2\/product_tag?post=7948"}],"curies":[{"name":"wp","href":"https:\/\/api.w.org\/{rel}","templated":true}]}}