{"id":7955,"date":"2020-11-19T10:07:16","date_gmt":"2020-11-19T09:07:16","guid":{"rendered":"https:\/\/gocceditalia.it\/tisana-benessere-alle-foglie-di-ulivo\/"},"modified":"2025-12-02T00:00:06","modified_gmt":"2025-12-01T23:00:06","slug":"wohlfuehl-kraeutertee","status":"publish","type":"product","link":"https:\/\/gocceditalia.it\/de\/wohlfuehl-kraeutertee\/","title":{"rendered":"Wohlf\u00fchl-Kr\u00e4utertee"},"content":{"rendered":"<p><strong>ZUTATEN:<\/strong>\u00a0Olivenbl\u00e4tter 10 %, M\u00e4des\u00fc\u00df 30 %, Malvenbl\u00fcten und Bl\u00e4tter 20 %, Birkenbl\u00e4tter 20 %, Gr\u00fcne Minze Bl\u00e4tter 20 %.<\/p>\n<p><strong>Gewicht<\/strong>: 20 g<\/p>\n","protected":false},"excerpt":{"rendered":"<div class=\"elementor-element elementor-element-11bdf948 elementor-widget elementor-widget-woocommerce-product-short-description\" data-id=\"11bdf948\" data-element_type=\"widget\" data-widget_type=\"woocommerce-product-short-description.default\">\n<div class=\"elementor-widget-container\">\n<div class=\"woocommerce-product-details__short-description\">\n<p>Aufgrund seiner Bestandteile ist es ein nat\u00fcrlicher funktioneller Kr\u00e4utertee, der in Di\u00e4ten n\u00fctzlich ist<\/p>\n<\/div>\n<\/div>\n<\/div>\n","protected":false},"featured_media":6214,"template":"","meta":{"_acf_changed":false},"product_brand":[],"product_cat":[1365,320],"product_tag":[322,323,335],"class_list":{"0":"post-7955","1":"product","2":"type-product","3":"status-publish","4":"has-post-thumbnail","6":"product_cat-black-friday-de","7":"product_cat-italienischer-olivenblatt-tee","8":"product_tag-frantoio-manestrini-de","9":"product_tag-lombardei","10":"product_tag-valtenesi-de","12":"first","13":"instock","14":"taxable","15":"shipping-taxable","16":"purchasable","17":"product-type-simple"},"acf":[],"_links":{"self":[{"href":"https:\/\/gocceditalia.it\/de\/wp-json\/wp\/v2\/product\/7955","targetHints":{"allow":["GET"]}}],"collection":[{"href":"https:\/\/gocceditalia.it\/de\/wp-json\/wp\/v2\/product"}],"about":[{"href":"https:\/\/gocceditalia.it\/de\/wp-json\/wp\/v2\/types\/product"}],"version-history":[{"count":1,"href":"https:\/\/gocceditalia.it\/de\/wp-json\/wp\/v2\/product\/7955\/revisions"}],"predecessor-version":[{"id":7957,"href":"https:\/\/gocceditalia.it\/de\/wp-json\/wp\/v2\/product\/7955\/revisions\/7957"}],"wp:featuredmedia":[{"embeddable":true,"href":"https:\/\/gocceditalia.it\/de\/wp-json\/wp\/v2\/media\/6214"}],"wp:attachment":[{"href":"https:\/\/gocceditalia.it\/de\/wp-json\/wp\/v2\/media?parent=7955"}],"wp:term":[{"taxonomy":"product_brand","embeddable":true,"href":"https:\/\/gocceditalia.it\/de\/wp-json\/wp\/v2\/product_brand?post=7955"},{"taxonomy":"product_cat","embeddable":true,"href":"https:\/\/gocceditalia.it\/de\/wp-json\/wp\/v2\/product_cat?post=7955"},{"taxonomy":"product_tag","embeddable":true,"href":"https:\/\/gocceditalia.it\/de\/wp-json\/wp\/v2\/product_tag?post=7955"}],"curies":[{"name":"wp","href":"https:\/\/api.w.org\/{rel}","templated":true}]}}