{"id":7972,"date":"2020-11-19T10:07:14","date_gmt":"2020-11-19T09:07:14","guid":{"rendered":"https:\/\/gocceditalia.it\/groppello\/"},"modified":"2022-05-02T15:46:06","modified_gmt":"2022-05-02T13:46:06","slug":"groppello","status":"publish","type":"product","link":"https:\/\/gocceditalia.it\/de\/groppello\/","title":{"rendered":"Groppello"},"content":{"rendered":"","protected":false},"excerpt":{"rendered":"<p>12,5% Vol.<\/p>\n<h3>0,750lt<\/h3>\n<p>Hauptrebe des Valt\u00e8nesi, gekennzeichnet durch kompakte Trauben. Der Wein hat Salzgehalt und Aromen, die an die feinen Weine der H\u00fcgel erinnern, am Gaumen ist er trocken und angenehm. Hervorragend zu gereiftem K\u00e4se, Wurstwaren, Fleisch am Spie\u00df, Schmorbraten und Eint\u00f6pfe. Servieren bei 14\/15\u00b0.<\/p>\n<p>12,5% Vol.<\/p>\n","protected":false},"featured_media":6232,"template":"","meta":{"_acf_changed":false},"product_brand":[],"product_cat":[317],"product_tag":[322,323,335],"class_list":{"0":"post-7972","1":"product","2":"type-product","3":"status-publish","4":"has-post-thumbnail","6":"product_cat-italienische-weine","7":"product_tag-frantoio-manestrini-de","8":"product_tag-lombardei","9":"product_tag-valtenesi-de","10":"pa_confezione-1-flasche","11":"pa_confezione-6-flaschen","13":"first","14":"instock","15":"sale","16":"taxable","17":"shipping-taxable","18":"purchasable","19":"product-type-variable"},"acf":[],"_links":{"self":[{"href":"https:\/\/gocceditalia.it\/de\/wp-json\/wp\/v2\/product\/7972","targetHints":{"allow":["GET"]}}],"collection":[{"href":"https:\/\/gocceditalia.it\/de\/wp-json\/wp\/v2\/product"}],"about":[{"href":"https:\/\/gocceditalia.it\/de\/wp-json\/wp\/v2\/types\/product"}],"version-history":[{"count":1,"href":"https:\/\/gocceditalia.it\/de\/wp-json\/wp\/v2\/product\/7972\/revisions"}],"predecessor-version":[{"id":8930,"href":"https:\/\/gocceditalia.it\/de\/wp-json\/wp\/v2\/product\/7972\/revisions\/8930"}],"wp:featuredmedia":[{"embeddable":true,"href":"https:\/\/gocceditalia.it\/de\/wp-json\/wp\/v2\/media\/6232"}],"wp:attachment":[{"href":"https:\/\/gocceditalia.it\/de\/wp-json\/wp\/v2\/media?parent=7972"}],"wp:term":[{"taxonomy":"product_brand","embeddable":true,"href":"https:\/\/gocceditalia.it\/de\/wp-json\/wp\/v2\/product_brand?post=7972"},{"taxonomy":"product_cat","embeddable":true,"href":"https:\/\/gocceditalia.it\/de\/wp-json\/wp\/v2\/product_cat?post=7972"},{"taxonomy":"product_tag","embeddable":true,"href":"https:\/\/gocceditalia.it\/de\/wp-json\/wp\/v2\/product_tag?post=7972"}],"curies":[{"name":"wp","href":"https:\/\/api.w.org\/{rel}","templated":true}]}}