{"id":7983,"date":"2020-11-19T10:07:11","date_gmt":"2020-11-19T09:07:11","guid":{"rendered":"https:\/\/gocceditalia.it\/tisana-alle-foglie-di-ulivo-rilassante\/"},"modified":"2025-12-02T00:00:06","modified_gmt":"2025-12-01T23:00:06","slug":"entspannender-kraeutertee","status":"publish","type":"product","link":"https:\/\/gocceditalia.it\/de\/entspannender-kraeutertee\/","title":{"rendered":"Entspannender kr\u00e4utertee"},"content":{"rendered":"<p><strong>ZUTATEN:<\/strong>\u00a0Melissenbl\u00e4tter 30 %, Wei\u00dfdornbl\u00e4tter mit Bl\u00fcten 25 %, Lindenbl\u00fcten und Hochbl\u00e4tter 16 %, Olivenbl\u00e4tter 15 %, Zitronenverbenebl\u00e4tter 15 %.<\/p>\n<p><strong>Gewicht<\/strong>: 20 g<\/p>\n","protected":false},"excerpt":{"rendered":"<div class=\"elementor-element elementor-element-11bdf948 elementor-widget elementor-widget-woocommerce-product-short-description\" data-id=\"11bdf948\" data-element_type=\"widget\" data-widget_type=\"woocommerce-product-short-description.default\">\n<div class=\"elementor-widget-container\">\n<div class=\"woocommerce-product-details__short-description\">\n<p>Durch seine Bestandteile f\u00f6rdert er das k\u00f6rperliche Wohlbefinden bei Anspannung, f\u00f6rdert den Schlaf<\/p>\n<\/div>\n<\/div>\n<\/div>\n","protected":false},"featured_media":6221,"template":"","meta":{"_acf_changed":false},"product_brand":[],"product_cat":[1365,320],"product_tag":[322,323,335],"class_list":{"0":"post-7983","1":"product","2":"type-product","3":"status-publish","4":"has-post-thumbnail","6":"product_cat-black-friday-de","7":"product_cat-italienischer-olivenblatt-tee","8":"product_tag-frantoio-manestrini-de","9":"product_tag-lombardei","10":"product_tag-valtenesi-de","12":"first","13":"instock","14":"taxable","15":"shipping-taxable","16":"purchasable","17":"product-type-simple"},"acf":[],"_links":{"self":[{"href":"https:\/\/gocceditalia.it\/de\/wp-json\/wp\/v2\/product\/7983","targetHints":{"allow":["GET"]}}],"collection":[{"href":"https:\/\/gocceditalia.it\/de\/wp-json\/wp\/v2\/product"}],"about":[{"href":"https:\/\/gocceditalia.it\/de\/wp-json\/wp\/v2\/types\/product"}],"version-history":[{"count":1,"href":"https:\/\/gocceditalia.it\/de\/wp-json\/wp\/v2\/product\/7983\/revisions"}],"predecessor-version":[{"id":7987,"href":"https:\/\/gocceditalia.it\/de\/wp-json\/wp\/v2\/product\/7983\/revisions\/7987"}],"wp:featuredmedia":[{"embeddable":true,"href":"https:\/\/gocceditalia.it\/de\/wp-json\/wp\/v2\/media\/6221"}],"wp:attachment":[{"href":"https:\/\/gocceditalia.it\/de\/wp-json\/wp\/v2\/media?parent=7983"}],"wp:term":[{"taxonomy":"product_brand","embeddable":true,"href":"https:\/\/gocceditalia.it\/de\/wp-json\/wp\/v2\/product_brand?post=7983"},{"taxonomy":"product_cat","embeddable":true,"href":"https:\/\/gocceditalia.it\/de\/wp-json\/wp\/v2\/product_cat?post=7983"},{"taxonomy":"product_tag","embeddable":true,"href":"https:\/\/gocceditalia.it\/de\/wp-json\/wp\/v2\/product_tag?post=7983"}],"curies":[{"name":"wp","href":"https:\/\/api.w.org\/{rel}","templated":true}]}}