{"id":7991,"date":"2020-11-19T10:07:10","date_gmt":"2020-11-19T09:07:10","guid":{"rendered":"https:\/\/gocceditalia.it\/olio-extra-vergine-di-oliva-monovarietale-casaliva\/"},"modified":"2026-01-31T15:35:51","modified_gmt":"2026-01-31T14:35:51","slug":"casaliva-reinsortiges-natives-olivenoel-extra","status":"publish","type":"product","link":"https:\/\/gocceditalia.it\/de\/casaliva-reinsortiges-natives-olivenoel-extra\/","title":{"rendered":"Natives Oliven\u00f6l Extra \u2013 Casaliva (Sortenrein)"},"content":{"rendered":"<p><b>Ernte- und Mahlzeit:\u00a0<\/b>von Mitte Oktober bis Mitte November.<\/p>\n<p><b>Zeit von der Ernte bis zum Mahlen:\u00a0<\/b>nicht l\u00e4nger als 24 Stunden.<\/p>\n<p><b>Mahlmethode:\u00a0<\/b>kontinuierlicher Zyklus. Kaltextraktion.<\/p>\n<p><b>S\u00e4ure<\/b>: das rechtzeitige Sammeln und Pressen der Oliven erm\u00f6glicht es, ein \u00d6l mit sehr niedrigem S\u00e4uregehalt (0,2% \u2013 0,3%) zu erhalten.<\/p>\n","protected":false},"excerpt":{"rendered":"<p>Natives Oliven\u00f6l Extra, das ausschlie\u00dflich aus der Pressung von <b data-path-to-node=\"25\" data-index-in-node=\"85\">Casaliva<\/b>-Oliven gewonnen wird, der historischen Sorte des Valtenesi-Gebiets. Dieses \u201eMonocultivar\u201c spiegelt die <b data-path-to-node=\"25\" data-index-in-node=\"197\">reine Identit\u00e4t der Region<\/b> wider. Dank des Mikroklimas des Sees bietet es ein <b data-path-to-node=\"25\" data-index-in-node=\"275\">gr\u00fcnes und pflanzliches Aromaprofil<\/b>, das gro\u00dfe Frische mit einer definierten Pers\u00f6nlichkeit verbindet. Ein <b data-path-to-node=\"25\" data-index-in-node=\"382\">naturbelassenes Produkt<\/b>, reich an Polyphenolen, ideal f\u00fcr alle, die den authentischen Geschmack der Garda-Olive in ihrer reinsten Form suchen.<\/p>\n","protected":false},"featured_media":2976,"template":"","meta":{"_acf_changed":false},"product_brand":[],"product_cat":[321],"product_tag":[592,335],"class_list":{"0":"post-7991","1":"product","2":"type-product","3":"status-publish","4":"has-post-thumbnail","6":"product_cat-italienisches-natives-olivenoel-extra","7":"product_tag-eccellenza-italiana-de","8":"product_tag-valtenesi-de","9":"pa_confezione-1-flasche","10":"pa_confezione-6-flaschen","11":"pa_formato-0250-lt-de-2","12":"pa_formato-0500-lt-de-2","14":"first","15":"instock","16":"taxable","17":"shipping-taxable","18":"purchasable","19":"product-type-variable"},"acf":[],"_links":{"self":[{"href":"https:\/\/gocceditalia.it\/de\/wp-json\/wp\/v2\/product\/7991","targetHints":{"allow":["GET"]}}],"collection":[{"href":"https:\/\/gocceditalia.it\/de\/wp-json\/wp\/v2\/product"}],"about":[{"href":"https:\/\/gocceditalia.it\/de\/wp-json\/wp\/v2\/types\/product"}],"version-history":[{"count":3,"href":"https:\/\/gocceditalia.it\/de\/wp-json\/wp\/v2\/product\/7991\/revisions"}],"predecessor-version":[{"id":28286,"href":"https:\/\/gocceditalia.it\/de\/wp-json\/wp\/v2\/product\/7991\/revisions\/28286"}],"wp:featuredmedia":[{"embeddable":true,"href":"https:\/\/gocceditalia.it\/de\/wp-json\/wp\/v2\/media\/2976"}],"wp:attachment":[{"href":"https:\/\/gocceditalia.it\/de\/wp-json\/wp\/v2\/media?parent=7991"}],"wp:term":[{"taxonomy":"product_brand","embeddable":true,"href":"https:\/\/gocceditalia.it\/de\/wp-json\/wp\/v2\/product_brand?post=7991"},{"taxonomy":"product_cat","embeddable":true,"href":"https:\/\/gocceditalia.it\/de\/wp-json\/wp\/v2\/product_cat?post=7991"},{"taxonomy":"product_tag","embeddable":true,"href":"https:\/\/gocceditalia.it\/de\/wp-json\/wp\/v2\/product_tag?post=7991"}],"curies":[{"name":"wp","href":"https:\/\/api.w.org\/{rel}","templated":true}]}}