{"id":8951,"date":"2022-05-02T16:15:46","date_gmt":"2022-05-02T15:04:01","guid":{"rendered":"https:\/\/gocceditalia.it\/?post_type=product&#038;p=8951"},"modified":"2022-05-03T09:32:41","modified_gmt":"2022-05-03T07:32:41","slug":"rosewein","status":"publish","type":"product","link":"https:\/\/gocceditalia.it\/de\/rosewein\/","title":{"rendered":"Ros\u00e9wein"},"content":{"rendered":"","protected":false},"excerpt":{"rendered":"<p>Ros\u00e9 von guter Intensit\u00e4t.<\/p>\n<p>Klares, fruchtiges, anhaltendes Aroma.<\/p>\n<p>Sapid, intensiv, mit charakteristischem Salzgehalt.<\/p>\n<p>Mittlerer K\u00f6rper.<\/p>\n<p>Serviertemperatur 12 \u2013 14 \u00b0C<\/p>\n","protected":false},"featured_media":8920,"template":"","meta":{"_acf_changed":false},"product_brand":[],"product_cat":[317],"product_tag":[415,323,335],"class_list":{"0":"post-8951","1":"product","2":"type-product","3":"status-publish","4":"has-post-thumbnail","6":"product_cat-italienische-weine","7":"product_tag-la-sercola-de","8":"product_tag-lombardei","9":"product_tag-valtenesi-de","11":"first","12":"instock","13":"taxable","14":"shipping-taxable","15":"purchasable","16":"product-type-simple"},"acf":[],"_links":{"self":[{"href":"https:\/\/gocceditalia.it\/de\/wp-json\/wp\/v2\/product\/8951","targetHints":{"allow":["GET"]}}],"collection":[{"href":"https:\/\/gocceditalia.it\/de\/wp-json\/wp\/v2\/product"}],"about":[{"href":"https:\/\/gocceditalia.it\/de\/wp-json\/wp\/v2\/types\/product"}],"version-history":[{"count":2,"href":"https:\/\/gocceditalia.it\/de\/wp-json\/wp\/v2\/product\/8951\/revisions"}],"predecessor-version":[{"id":8959,"href":"https:\/\/gocceditalia.it\/de\/wp-json\/wp\/v2\/product\/8951\/revisions\/8959"}],"wp:featuredmedia":[{"embeddable":true,"href":"https:\/\/gocceditalia.it\/de\/wp-json\/wp\/v2\/media\/8920"}],"wp:attachment":[{"href":"https:\/\/gocceditalia.it\/de\/wp-json\/wp\/v2\/media?parent=8951"}],"wp:term":[{"taxonomy":"product_brand","embeddable":true,"href":"https:\/\/gocceditalia.it\/de\/wp-json\/wp\/v2\/product_brand?post=8951"},{"taxonomy":"product_cat","embeddable":true,"href":"https:\/\/gocceditalia.it\/de\/wp-json\/wp\/v2\/product_cat?post=8951"},{"taxonomy":"product_tag","embeddable":true,"href":"https:\/\/gocceditalia.it\/de\/wp-json\/wp\/v2\/product_tag?post=8951"}],"curies":[{"name":"wp","href":"https:\/\/api.w.org\/{rel}","templated":true}]}}