{"id":9747,"date":"2022-06-08T14:48:00","date_gmt":"2022-06-27T13:57:31","guid":{"rendered":"https:\/\/gocceditalia.it\/?post_type=product&#038;p=9747"},"modified":"2026-02-26T12:52:21","modified_gmt":"2026-02-26T11:52:21","slug":"gegrillt-gemischt-olivenoel","status":"publish","type":"product","link":"https:\/\/gocceditalia.it\/de\/gegrillt-gemischt-olivenoel\/","title":{"rendered":"Gegrillt Gemischt in Oliven\u00f6l"},"content":{"rendered":"<p>Zutaten: Gem\u00fcse in ver\u00e4nderlichen Anteilen (Paprika, Auberginen, Zucchini, Zwiebeln, Karotten) 63%, 34% Oliven\u00f6l, Salz, Petersilie, Weinessig. S\u00e4ureregulator: Citronens\u00e4ure, Antioxidationsmittel: S\u00e4ure Ascorbins\u00e4ure.<\/p>\n","protected":false},"excerpt":{"rendered":"<p>Nettogewicht: 280 g 314 ml<\/p>\n<p>Eine Mischung aus gegrilltem Gem\u00fcse, aromatisiert mit mediterranen Gew\u00fcrzen und eingelegt in Oliven\u00f6l. ausgezeichnet als Vorspeise, Beilage oder zum F\u00fcllen von Sandwiches und Focaccia.<\/p>\n","protected":false},"featured_media":10196,"template":"","meta":{"_acf_changed":false},"product_brand":[],"product_cat":[1365,337],"product_tag":[419,453],"class_list":{"0":"post-9747","1":"product","2":"type-product","3":"status-publish","4":"has-post-thumbnail","6":"product_cat-black-friday-de","7":"product_cat-italienische-antipasti","8":"product_tag-apulien","9":"product_tag-gocce-ditalia-de","11":"first","12":"instock","13":"taxable","14":"shipping-taxable","15":"purchasable","16":"product-type-simple"},"acf":[],"_links":{"self":[{"href":"https:\/\/gocceditalia.it\/de\/wp-json\/wp\/v2\/product\/9747","targetHints":{"allow":["GET"]}}],"collection":[{"href":"https:\/\/gocceditalia.it\/de\/wp-json\/wp\/v2\/product"}],"about":[{"href":"https:\/\/gocceditalia.it\/de\/wp-json\/wp\/v2\/types\/product"}],"version-history":[{"count":3,"href":"https:\/\/gocceditalia.it\/de\/wp-json\/wp\/v2\/product\/9747\/revisions"}],"predecessor-version":[{"id":10173,"href":"https:\/\/gocceditalia.it\/de\/wp-json\/wp\/v2\/product\/9747\/revisions\/10173"}],"wp:featuredmedia":[{"embeddable":true,"href":"https:\/\/gocceditalia.it\/de\/wp-json\/wp\/v2\/media\/10196"}],"wp:attachment":[{"href":"https:\/\/gocceditalia.it\/de\/wp-json\/wp\/v2\/media?parent=9747"}],"wp:term":[{"taxonomy":"product_brand","embeddable":true,"href":"https:\/\/gocceditalia.it\/de\/wp-json\/wp\/v2\/product_brand?post=9747"},{"taxonomy":"product_cat","embeddable":true,"href":"https:\/\/gocceditalia.it\/de\/wp-json\/wp\/v2\/product_cat?post=9747"},{"taxonomy":"product_tag","embeddable":true,"href":"https:\/\/gocceditalia.it\/de\/wp-json\/wp\/v2\/product_tag?post=9747"}],"curies":[{"name":"wp","href":"https:\/\/api.w.org\/{rel}","templated":true}]}}