{"id":9754,"date":"2022-06-08T15:10:54","date_gmt":"2022-06-27T15:58:20","guid":{"rendered":"https:\/\/gocceditalia.it\/?post_type=product&#038;p=9754"},"modified":"2025-12-02T00:00:05","modified_gmt":"2025-12-01T23:00:05","slug":"sauce-pilzen-wurst-nativem-olivenoel-extra","status":"publish","type":"product","link":"https:\/\/gocceditalia.it\/de\/sauce-pilzen-wurst-nativem-olivenoel-extra\/","title":{"rendered":"Sauce mit Pilzen und Wurst mit nativem Oliven\u00f6l Extra"},"content":{"rendered":"<p>Tomatenp\u00fcree 87 %, Pilze (Pleurotus Eryngii) 5 %, natives Oliven\u00f6l extra 3,1 %, Wurst (Salz, Gew\u00fcrzmischung, Ballaststoffe, Dextrose, Saccharose E 301, E 252, ohne Gluten) 1,9 %, Zwiebel, Salz. S\u00e4ureregulator: Zitronens\u00e4ure.<\/p>\n","protected":false},"excerpt":{"rendered":"<p>Nettogewicht: 280 g 314 ml<\/p>\n<p>Hergestellt mit hochwertigen Zutaten aus dem Gebiet Apuliens und nach handwerklichen Methoden verarbeitet. Hervorragende W\u00fcrze f\u00fcr erste G\u00e4nge.<\/p>\n","protected":false},"featured_media":10220,"template":"","meta":{"_acf_changed":false},"product_brand":[],"product_cat":[1365,339,460],"product_tag":[419,453],"class_list":{"0":"post-9754","1":"product","2":"type-product","3":"status-publish","4":"has-post-thumbnail","6":"product_cat-black-friday-de","7":"product_cat-italienische-pasta-reis-saucen","8":"product_cat-aktionen","9":"product_tag-apulien","10":"product_tag-gocce-ditalia-de","12":"first","13":"instock","14":"taxable","15":"shipping-taxable","16":"purchasable","17":"product-type-simple"},"acf":[],"_links":{"self":[{"href":"https:\/\/gocceditalia.it\/de\/wp-json\/wp\/v2\/product\/9754","targetHints":{"allow":["GET"]}}],"collection":[{"href":"https:\/\/gocceditalia.it\/de\/wp-json\/wp\/v2\/product"}],"about":[{"href":"https:\/\/gocceditalia.it\/de\/wp-json\/wp\/v2\/types\/product"}],"version-history":[{"count":3,"href":"https:\/\/gocceditalia.it\/de\/wp-json\/wp\/v2\/product\/9754\/revisions"}],"predecessor-version":[{"id":10162,"href":"https:\/\/gocceditalia.it\/de\/wp-json\/wp\/v2\/product\/9754\/revisions\/10162"}],"wp:featuredmedia":[{"embeddable":true,"href":"https:\/\/gocceditalia.it\/de\/wp-json\/wp\/v2\/media\/10220"}],"wp:attachment":[{"href":"https:\/\/gocceditalia.it\/de\/wp-json\/wp\/v2\/media?parent=9754"}],"wp:term":[{"taxonomy":"product_brand","embeddable":true,"href":"https:\/\/gocceditalia.it\/de\/wp-json\/wp\/v2\/product_brand?post=9754"},{"taxonomy":"product_cat","embeddable":true,"href":"https:\/\/gocceditalia.it\/de\/wp-json\/wp\/v2\/product_cat?post=9754"},{"taxonomy":"product_tag","embeddable":true,"href":"https:\/\/gocceditalia.it\/de\/wp-json\/wp\/v2\/product_tag?post=9754"}],"curies":[{"name":"wp","href":"https:\/\/api.w.org\/{rel}","templated":true}]}}