{"id":9755,"date":"2022-06-08T15:11:22","date_gmt":"2022-06-27T15:59:19","guid":{"rendered":"https:\/\/gocceditalia.it\/?post_type=product&#038;p=9755"},"modified":"2025-12-02T00:00:05","modified_gmt":"2025-12-01T23:00:05","slug":"puttanesca-sauce-ative-olivenoel-extra","status":"publish","type":"product","link":"https:\/\/gocceditalia.it\/de\/puttanesca-sauce-ative-olivenoel-extra\/","title":{"rendered":"Puttanesca-Sauce mit nativem Oliven\u00f6l extra"},"content":{"rendered":"<p>Zutaten: Tomatenp\u00fcree 70 %, schwarze Oliven und gr\u00fcne Oliven 20 %, natives Oliven\u00f6l extra, Zwiebel, Salz,<br \/>\nKapern, SARDELLEN (FISCH), Knoblauch, Chili, ativent Pfeffer, S\u00e4ureregulator: Citronens\u00e4ure. ENTH\u00c4LT FISCH. Die hervorgehobenen Inhaltsstoffe k\u00f6nnen bei allergischen und\/oder intoleranten Personen Reaktionen hervorrufen.<\/p>\n","protected":false},"excerpt":{"rendered":"<p>Gewicht: 280 g 314 ml<\/p>\n<p>Ein Klassiker der italienischen K\u00fcche, ideal zum W\u00fcrzen jeder Art von Pasta.<\/p>\n","protected":false},"featured_media":10229,"template":"","meta":{"_acf_changed":false},"product_brand":[],"product_cat":[1365,339,460],"product_tag":[419,453],"class_list":{"0":"post-9755","1":"product","2":"type-product","3":"status-publish","4":"has-post-thumbnail","6":"product_cat-black-friday-de","7":"product_cat-italienische-pasta-reis-saucen","8":"product_cat-aktionen","9":"product_tag-apulien","10":"product_tag-gocce-ditalia-de","12":"first","13":"instock","14":"taxable","15":"shipping-taxable","16":"purchasable","17":"product-type-simple"},"acf":[],"_links":{"self":[{"href":"https:\/\/gocceditalia.it\/de\/wp-json\/wp\/v2\/product\/9755","targetHints":{"allow":["GET"]}}],"collection":[{"href":"https:\/\/gocceditalia.it\/de\/wp-json\/wp\/v2\/product"}],"about":[{"href":"https:\/\/gocceditalia.it\/de\/wp-json\/wp\/v2\/types\/product"}],"version-history":[{"count":3,"href":"https:\/\/gocceditalia.it\/de\/wp-json\/wp\/v2\/product\/9755\/revisions"}],"predecessor-version":[{"id":10159,"href":"https:\/\/gocceditalia.it\/de\/wp-json\/wp\/v2\/product\/9755\/revisions\/10159"}],"wp:featuredmedia":[{"embeddable":true,"href":"https:\/\/gocceditalia.it\/de\/wp-json\/wp\/v2\/media\/10229"}],"wp:attachment":[{"href":"https:\/\/gocceditalia.it\/de\/wp-json\/wp\/v2\/media?parent=9755"}],"wp:term":[{"taxonomy":"product_brand","embeddable":true,"href":"https:\/\/gocceditalia.it\/de\/wp-json\/wp\/v2\/product_brand?post=9755"},{"taxonomy":"product_cat","embeddable":true,"href":"https:\/\/gocceditalia.it\/de\/wp-json\/wp\/v2\/product_cat?post=9755"},{"taxonomy":"product_tag","embeddable":true,"href":"https:\/\/gocceditalia.it\/de\/wp-json\/wp\/v2\/product_tag?post=9755"}],"curies":[{"name":"wp","href":"https:\/\/api.w.org\/{rel}","templated":true}]}}