{"id":9757,"date":"2022-06-08T15:11:53","date_gmt":"2022-06-27T15:54:18","guid":{"rendered":"https:\/\/gocceditalia.it\/?post_type=product&#038;p=9757"},"modified":"2022-06-28T10:08:33","modified_gmt":"2022-06-28T08:08:33","slug":"gegrillte-artischocken-olivenoel","status":"publish","type":"product","link":"https:\/\/gocceditalia.it\/de\/gegrillte-artischocken-olivenoel\/","title":{"rendered":"Gegrillte Artischocken in Oliven\u00f6l"},"content":{"rendered":"<p>Zutaten: Artischocken 63%, Oliven\u00f6l 34%, Salz, Knoblauch, Chili, Oregano, Weinessig, S\u00e4ureregulator: Citronens\u00e4ure, Antioxidationsmittel: Ascorbins\u00e4ure<\/p>\n","protected":false},"excerpt":{"rendered":"<p>Nettogewicht: 280 g 314 ml<\/p>\n<p>K\u00f6stliche italienische Artischocken in Oliven\u00f6l, aromatisiert mit nat\u00fcrlichen Gew\u00fcrzen, um an die Aromen der Rezepte von zu erinnern<br \/>\nEinmal.<br \/>\nIdeal f\u00fcr Vorspeisen, Beilagen oder zum F\u00fcllen von Sandwiches oder Focaccia.<\/p>\n","protected":false},"featured_media":10243,"template":"","meta":{"_acf_changed":false},"product_brand":[],"product_cat":[337],"product_tag":[419,453],"class_list":{"0":"post-9757","1":"product","2":"type-product","3":"status-publish","4":"has-post-thumbnail","6":"product_cat-italienische-antipasti","7":"product_tag-apulien","8":"product_tag-gocce-ditalia-de","10":"first","11":"instock","12":"taxable","13":"shipping-taxable","14":"purchasable","15":"product-type-simple"},"acf":[],"_links":{"self":[{"href":"https:\/\/gocceditalia.it\/de\/wp-json\/wp\/v2\/product\/9757","targetHints":{"allow":["GET"]}}],"collection":[{"href":"https:\/\/gocceditalia.it\/de\/wp-json\/wp\/v2\/product"}],"about":[{"href":"https:\/\/gocceditalia.it\/de\/wp-json\/wp\/v2\/types\/product"}],"version-history":[{"count":3,"href":"https:\/\/gocceditalia.it\/de\/wp-json\/wp\/v2\/product\/9757\/revisions"}],"predecessor-version":[{"id":10153,"href":"https:\/\/gocceditalia.it\/de\/wp-json\/wp\/v2\/product\/9757\/revisions\/10153"}],"wp:featuredmedia":[{"embeddable":true,"href":"https:\/\/gocceditalia.it\/de\/wp-json\/wp\/v2\/media\/10243"}],"wp:attachment":[{"href":"https:\/\/gocceditalia.it\/de\/wp-json\/wp\/v2\/media?parent=9757"}],"wp:term":[{"taxonomy":"product_brand","embeddable":true,"href":"https:\/\/gocceditalia.it\/de\/wp-json\/wp\/v2\/product_brand?post=9757"},{"taxonomy":"product_cat","embeddable":true,"href":"https:\/\/gocceditalia.it\/de\/wp-json\/wp\/v2\/product_cat?post=9757"},{"taxonomy":"product_tag","embeddable":true,"href":"https:\/\/gocceditalia.it\/de\/wp-json\/wp\/v2\/product_tag?post=9757"}],"curies":[{"name":"wp","href":"https:\/\/api.w.org\/{rel}","templated":true}]}}