{"id":9772,"date":"2022-06-08T15:12:22","date_gmt":"2022-06-27T15:51:08","guid":{"rendered":"https:\/\/gocceditalia.it\/?post_type=product&#038;p=9772"},"modified":"2025-12-02T00:00:05","modified_gmt":"2025-12-01T23:00:05","slug":"bio-sauce-ative-olivenoel-extra","status":"publish","type":"product","link":"https:\/\/gocceditalia.it\/de\/bio-sauce-ative-olivenoel-extra\/","title":{"rendered":"Bio-Sauce mit nativem Oliven\u00f6l extra"},"content":{"rendered":"<p>Zutaten: Tomatenp\u00fcree 79%, Gem\u00fcse in ver\u00e4nderlichen Anteilen (Zwiebeln, Karotten, Auberginen, Zucchini, Paprika) 16 %, natives Oliven\u00f6l extra 3 %, Salz, Petersilie, Chili. Korrektor von S\u00e4ure: Zitronens\u00e4ure.<\/p>\n","protected":false},"excerpt":{"rendered":"<p>Nettogewicht: 280 g 314 ml<\/p>\n<p>Viel gegrilltes Gem\u00fcse in italienischem Tomatenmark. Hervorragende W\u00fcrze f\u00fcr erste G\u00e4nge.<\/p>\n","protected":false},"featured_media":18189,"template":"","meta":{"_acf_changed":false},"product_brand":[],"product_cat":[1365,339],"product_tag":[419,453],"class_list":{"0":"post-9772","1":"product","2":"type-product","3":"status-publish","4":"has-post-thumbnail","6":"product_cat-black-friday-de","7":"product_cat-italienische-pasta-reis-saucen","8":"product_tag-apulien","9":"product_tag-gocce-ditalia-de","11":"first","12":"instock","13":"taxable","14":"shipping-taxable","15":"purchasable","16":"product-type-simple"},"acf":[],"_links":{"self":[{"href":"https:\/\/gocceditalia.it\/de\/wp-json\/wp\/v2\/product\/9772","targetHints":{"allow":["GET"]}}],"collection":[{"href":"https:\/\/gocceditalia.it\/de\/wp-json\/wp\/v2\/product"}],"about":[{"href":"https:\/\/gocceditalia.it\/de\/wp-json\/wp\/v2\/types\/product"}],"version-history":[{"count":2,"href":"https:\/\/gocceditalia.it\/de\/wp-json\/wp\/v2\/product\/9772\/revisions"}],"predecessor-version":[{"id":10147,"href":"https:\/\/gocceditalia.it\/de\/wp-json\/wp\/v2\/product\/9772\/revisions\/10147"}],"wp:featuredmedia":[{"embeddable":true,"href":"https:\/\/gocceditalia.it\/de\/wp-json\/wp\/v2\/media\/18189"}],"wp:attachment":[{"href":"https:\/\/gocceditalia.it\/de\/wp-json\/wp\/v2\/media?parent=9772"}],"wp:term":[{"taxonomy":"product_brand","embeddable":true,"href":"https:\/\/gocceditalia.it\/de\/wp-json\/wp\/v2\/product_brand?post=9772"},{"taxonomy":"product_cat","embeddable":true,"href":"https:\/\/gocceditalia.it\/de\/wp-json\/wp\/v2\/product_cat?post=9772"},{"taxonomy":"product_tag","embeddable":true,"href":"https:\/\/gocceditalia.it\/de\/wp-json\/wp\/v2\/product_tag?post=9772"}],"curies":[{"name":"wp","href":"https:\/\/api.w.org\/{rel}","templated":true}]}}