{"id":9774,"date":"2022-06-08T15:12:37","date_gmt":"2022-06-27T15:49:14","guid":{"rendered":"https:\/\/gocceditalia.it\/?post_type=product&#038;p=9774"},"modified":"2025-12-02T00:00:05","modified_gmt":"2025-12-01T23:00:05","slug":"getrocknete-tomaten-olivenoel","status":"publish","type":"product","link":"https:\/\/gocceditalia.it\/de\/getrocknete-tomaten-olivenoel\/","title":{"rendered":"Getrocknete Tomaten in Oliven\u00f6l"},"content":{"rendered":"<p>Zutaten: getrocknete Tomaten 63 %, Oliven\u00f6l 34 %, Salz, Kapern, Knoblauch, Chili, Minze, Weinessig, S\u00e4ureregulator: Citronens\u00e4ure.<\/p>\n","protected":false},"excerpt":{"rendered":"<p>Nettogewicht: 280 g 314 ml<\/p>\n<p>Getrocknete Tomaten, die mit typischen mediterranen Gew\u00fcrzen aromatisiert sind, um ihnen einen noch intensiveren Geschmack zu verleihen. Ausgezeichnet als Vorspeise, Beilage, zu Pasta und Pizza.<\/p>\n<p>ERN\u00c4HRUNGSTABELLE<br \/>\nDurchschnittswerte pro 100g abgetropfter Nettoware<br \/>\nENERGIE: 706 kJ \/ 169 kcal<br \/>\nFETT: 9,3 g davon ges\u00e4ttigte Fetts\u00e4uren 1,3 g<br \/>\nKohlenhydrate: 16 g davon Zucker 10 g<br \/>\nPROTEIN: 3,5 g SALZ: 3,2 g<\/p>\n<p>Hergestellt und verpackt in Via San Paolo di Civitate km. 0,800- 71016 SAN SEVERO (FG) ITALIEN f\u00fcr Frantoio Manestrini, Via P. Avanzi, 7 25080 Soiano del Lago (BS). www.manestrini.it<br \/>\nNach dem \u00d6ffnen im K\u00fchlschrank aufbewahren und innerhalb von 7 Tagen aufbrauchen<br \/>\nVorzugsweise chargenweise verzehren: siehe Kapsel.<\/p>\n<p>RECYCLINGCODES: GLAS ALUMINIUM<\/p>\n","protected":false},"featured_media":10211,"template":"","meta":{"_acf_changed":false},"product_brand":[],"product_cat":[1365,337],"product_tag":[419,453],"class_list":{"0":"post-9774","1":"product","2":"type-product","3":"status-publish","4":"has-post-thumbnail","6":"product_cat-black-friday-de","7":"product_cat-italienische-antipasti","8":"product_tag-apulien","9":"product_tag-gocce-ditalia-de","11":"first","12":"instock","13":"taxable","14":"shipping-taxable","15":"purchasable","16":"product-type-simple"},"acf":[],"_links":{"self":[{"href":"https:\/\/gocceditalia.it\/de\/wp-json\/wp\/v2\/product\/9774","targetHints":{"allow":["GET"]}}],"collection":[{"href":"https:\/\/gocceditalia.it\/de\/wp-json\/wp\/v2\/product"}],"about":[{"href":"https:\/\/gocceditalia.it\/de\/wp-json\/wp\/v2\/types\/product"}],"version-history":[{"count":2,"href":"https:\/\/gocceditalia.it\/de\/wp-json\/wp\/v2\/product\/9774\/revisions"}],"predecessor-version":[{"id":10144,"href":"https:\/\/gocceditalia.it\/de\/wp-json\/wp\/v2\/product\/9774\/revisions\/10144"}],"wp:featuredmedia":[{"embeddable":true,"href":"https:\/\/gocceditalia.it\/de\/wp-json\/wp\/v2\/media\/10211"}],"wp:attachment":[{"href":"https:\/\/gocceditalia.it\/de\/wp-json\/wp\/v2\/media?parent=9774"}],"wp:term":[{"taxonomy":"product_brand","embeddable":true,"href":"https:\/\/gocceditalia.it\/de\/wp-json\/wp\/v2\/product_brand?post=9774"},{"taxonomy":"product_cat","embeddable":true,"href":"https:\/\/gocceditalia.it\/de\/wp-json\/wp\/v2\/product_cat?post=9774"},{"taxonomy":"product_tag","embeddable":true,"href":"https:\/\/gocceditalia.it\/de\/wp-json\/wp\/v2\/product_tag?post=9774"}],"curies":[{"name":"wp","href":"https:\/\/api.w.org\/{rel}","templated":true}]}}