{"id":9789,"date":"2022-06-08T15:13:15","date_gmt":"2022-06-27T15:47:43","guid":{"rendered":"https:\/\/gocceditalia.it\/?post_type=product&#038;p=9789"},"modified":"2025-12-02T00:00:05","modified_gmt":"2025-12-01T23:00:05","slug":"sauce-oliven-nativem-olivenoel-extra","status":"publish","type":"product","link":"https:\/\/gocceditalia.it\/de\/sauce-oliven-nativem-olivenoel-extra\/","title":{"rendered":"Sauce mit Oliven mit Nativem Oliven\u00f6l Extra"},"content":{"rendered":"<p>Zutaten: Tomatenp\u00fcree 82 %, entsteinte schwarze Oliven 10 %, extra \u00d6l Natives Oliven\u00f6l 3%, Salz, Knoblauch, Chili, Oregano, S\u00e4ureregulator: Citronens\u00e4ure. HERKUNFT DER TOMATE: ITALIEN<\/p>\n","protected":false},"excerpt":{"rendered":"<p>Nettogewicht: 280 g 314 ml<\/p>\n<p>Zutaten unseres Territoriums f\u00fcr eine klassische Sauce der italienischen Tradition mit dem starken Geschmack unserer Oliven. Hervorragend zum W\u00fcrzen erster G\u00e4nge.<\/p>\n","protected":false},"featured_media":10217,"template":"","meta":{"_acf_changed":false},"product_brand":[],"product_cat":[1365,339],"product_tag":[419,453],"class_list":{"0":"post-9789","1":"product","2":"type-product","3":"status-publish","4":"has-post-thumbnail","6":"product_cat-black-friday-de","7":"product_cat-italienische-pasta-reis-saucen","8":"product_tag-apulien","9":"product_tag-gocce-ditalia-de","11":"first","12":"instock","13":"taxable","14":"shipping-taxable","15":"purchasable","16":"product-type-simple"},"acf":[],"_links":{"self":[{"href":"https:\/\/gocceditalia.it\/de\/wp-json\/wp\/v2\/product\/9789","targetHints":{"allow":["GET"]}}],"collection":[{"href":"https:\/\/gocceditalia.it\/de\/wp-json\/wp\/v2\/product"}],"about":[{"href":"https:\/\/gocceditalia.it\/de\/wp-json\/wp\/v2\/types\/product"}],"version-history":[{"count":3,"href":"https:\/\/gocceditalia.it\/de\/wp-json\/wp\/v2\/product\/9789\/revisions"}],"predecessor-version":[{"id":10141,"href":"https:\/\/gocceditalia.it\/de\/wp-json\/wp\/v2\/product\/9789\/revisions\/10141"}],"wp:featuredmedia":[{"embeddable":true,"href":"https:\/\/gocceditalia.it\/de\/wp-json\/wp\/v2\/media\/10217"}],"wp:attachment":[{"href":"https:\/\/gocceditalia.it\/de\/wp-json\/wp\/v2\/media?parent=9789"}],"wp:term":[{"taxonomy":"product_brand","embeddable":true,"href":"https:\/\/gocceditalia.it\/de\/wp-json\/wp\/v2\/product_brand?post=9789"},{"taxonomy":"product_cat","embeddable":true,"href":"https:\/\/gocceditalia.it\/de\/wp-json\/wp\/v2\/product_cat?post=9789"},{"taxonomy":"product_tag","embeddable":true,"href":"https:\/\/gocceditalia.it\/de\/wp-json\/wp\/v2\/product_tag?post=9789"}],"curies":[{"name":"wp","href":"https:\/\/api.w.org\/{rel}","templated":true}]}}