{"id":9791,"date":"2022-06-08T15:13:33","date_gmt":"2022-06-27T15:42:04","guid":{"rendered":"https:\/\/gocceditalia.it\/?post_type=product&#038;p=9791"},"modified":"2025-12-02T00:00:05","modified_gmt":"2025-12-01T23:00:05","slug":"tomatensauce-basilikum","status":"publish","type":"product","link":"https:\/\/gocceditalia.it\/de\/tomatensauce-basilikum\/","title":{"rendered":"Tomatensauce und Basilikum"},"content":{"rendered":"<p>Zutaten: Tomatenp\u00fcree 90 %, natives Oliven\u00f6l extra 3 %, Zwiebeln, Salz, Basilikum 0,2%, S\u00e4ureregulator: Citronens\u00e4ure.<\/p>\n","protected":false},"excerpt":{"rendered":"<p>Nettogewicht: 280 g 314 ml<\/p>\n<p>Eine klassische Sauce der traditionellen italienischen K\u00fcche, einfach, aus Zutaten<br \/>\nnat\u00fcrlich und echt Hervorragend zum W\u00fcrzen<\/p>\n","protected":false},"featured_media":10226,"template":"","meta":{"_acf_changed":false},"product_brand":[],"product_cat":[1365,339],"product_tag":[419,453],"class_list":{"0":"post-9791","1":"product","2":"type-product","3":"status-publish","4":"has-post-thumbnail","6":"product_cat-black-friday-de","7":"product_cat-italienische-pasta-reis-saucen","8":"product_tag-apulien","9":"product_tag-gocce-ditalia-de","11":"first","12":"instock","13":"taxable","14":"shipping-taxable","15":"purchasable","16":"product-type-simple"},"acf":[],"_links":{"self":[{"href":"https:\/\/gocceditalia.it\/de\/wp-json\/wp\/v2\/product\/9791","targetHints":{"allow":["GET"]}}],"collection":[{"href":"https:\/\/gocceditalia.it\/de\/wp-json\/wp\/v2\/product"}],"about":[{"href":"https:\/\/gocceditalia.it\/de\/wp-json\/wp\/v2\/types\/product"}],"version-history":[{"count":2,"href":"https:\/\/gocceditalia.it\/de\/wp-json\/wp\/v2\/product\/9791\/revisions"}],"predecessor-version":[{"id":10137,"href":"https:\/\/gocceditalia.it\/de\/wp-json\/wp\/v2\/product\/9791\/revisions\/10137"}],"wp:featuredmedia":[{"embeddable":true,"href":"https:\/\/gocceditalia.it\/de\/wp-json\/wp\/v2\/media\/10226"}],"wp:attachment":[{"href":"https:\/\/gocceditalia.it\/de\/wp-json\/wp\/v2\/media?parent=9791"}],"wp:term":[{"taxonomy":"product_brand","embeddable":true,"href":"https:\/\/gocceditalia.it\/de\/wp-json\/wp\/v2\/product_brand?post=9791"},{"taxonomy":"product_cat","embeddable":true,"href":"https:\/\/gocceditalia.it\/de\/wp-json\/wp\/v2\/product_cat?post=9791"},{"taxonomy":"product_tag","embeddable":true,"href":"https:\/\/gocceditalia.it\/de\/wp-json\/wp\/v2\/product_tag?post=9791"}],"curies":[{"name":"wp","href":"https:\/\/api.w.org\/{rel}","templated":true}]}}